{"id":423,"date":"2018-02-08T14:20:20","date_gmt":"2018-02-08T13:20:20","guid":{"rendered":"https:\/\/ventilazione-residenziale.it\/energy-smart\/"},"modified":"2019-10-24T15:21:08","modified_gmt":"2019-10-24T13:21:08","slug":"ueberblick","status":"publish","type":"page","link":"https:\/\/ventilazione-residenziale.it\/de\/","title":{"rendered":"\u00dcberblick"},"content":{"rendered":"","protected":false},"excerpt":{"rendered":"<p> [&#8230;]<\/p>\n<p><a class=\"btn btn-secondary understrap-read-more-link\" href=\"https:\/\/ventilazione-residenziale.it\/de\/\">Weiterlesen&#8230;<\/a><\/p>\n","protected":false},"author":1,"featured_media":0,"parent":1329,"menu_order":0,"comment_status":"closed","ping_status":"closed","template":"page-templates\/home.php","meta":[],"acf":[],"yoast_head":"<!-- This site is optimized with the Yoast SEO plugin v17.6 - https:\/\/yoast.com\/wordpress\/plugins\/seo\/ -->\n<title>Home - Wohnrauml\u00fcftung - Energy smart - Sabiana<\/title>\n<meta name=\"description\" content=\"Wohnrauml\u00fcftung - Energy Smart. Luft zum Atmen in Ihrem Zuhause. Die Luft, die wir atmen. T\u00e4gliches Wohlbefinden. Wir achten immer mehr auf die Art und Weise, wie wir essen, indem wir die ges\u00fcndesten Lebensmittel und Kochmethoden sorgf\u00e4ltig ausw\u00e4hlen. Aber wie gesund und rein ist die Luft, die wir in unseren H\u00e4usern atmen?\" \/>\n<meta name=\"robots\" content=\"index, follow, max-snippet:-1, max-image-preview:large, max-video-preview:-1\" \/>\n<link rel=\"canonical\" href=\"https:\/\/ventilazione-residenziale.it\/de\/\" \/>\n<meta property=\"og:locale\" content=\"de_DE\" \/>\n<meta property=\"og:type\" content=\"article\" \/>\n<meta property=\"og:title\" content=\"Home - Wohnrauml\u00fcftung - Energy smart - Sabiana\" \/>\n<meta property=\"og:description\" content=\"Wohnrauml\u00fcftung - Energy Smart. Luft zum Atmen in Ihrem Zuhause. Die Luft, die wir atmen. T\u00e4gliches Wohlbefinden. Wir achten immer mehr auf die Art und Weise, wie wir essen, indem wir die ges\u00fcndesten Lebensmittel und Kochmethoden sorgf\u00e4ltig ausw\u00e4hlen. Aber wie gesund und rein ist die Luft, die wir in unseren H\u00e4usern atmen?\" \/>\n<meta property=\"og:url\" content=\"https:\/\/ventilazione-residenziale.it\/de\/\" \/>\n<meta property=\"og:site_name\" content=\"Ventilazione Residenziale - Energy smart - Sabiana\" \/>\n<meta property=\"article:modified_time\" content=\"2019-10-24T13:21:08+00:00\" \/>\n<meta name=\"twitter:card\" content=\"summary_large_image\" \/>\n<script type=\"application\/ld+json\" class=\"yoast-schema-graph\">{\"@context\":\"https:\/\/schema.org\",\"@graph\":[{\"@type\":\"WebSite\",\"@id\":\"https:\/\/ventilazione-residenziale.it\/#website\",\"url\":\"https:\/\/ventilazione-residenziale.it\/\",\"name\":\"Ventilazione Residenziale - Energy smart - Sabiana\",\"description\":\"Ventilazione Residenziale ad alta efficenza\",\"potentialAction\":[{\"@type\":\"SearchAction\",\"target\":{\"@type\":\"EntryPoint\",\"urlTemplate\":\"https:\/\/ventilazione-residenziale.it\/?s={search_term_string}\"},\"query-input\":\"required name=search_term_string\"}],\"inLanguage\":\"de\"},{\"@type\":\"WebPage\",\"@id\":\"https:\/\/ventilazione-residenziale.it\/de\/#webpage\",\"url\":\"https:\/\/ventilazione-residenziale.it\/de\/\",\"name\":\"Home - Wohnrauml\\u00fcftung - Energy smart - Sabiana\",\"isPartOf\":{\"@id\":\"https:\/\/ventilazione-residenziale.it\/#website\"},\"datePublished\":\"2018-02-08T13:20:20+00:00\",\"dateModified\":\"2019-10-24T13:21:08+00:00\",\"description\":\"Wohnrauml\\u00fcftung - Energy Smart. Luft zum Atmen in Ihrem Zuhause. Die Luft, die wir atmen. T\\u00e4gliches Wohlbefinden. Wir achten immer mehr auf die Art und Weise, wie wir essen, indem wir die ges\\u00fcndesten Lebensmittel und Kochmethoden sorgf\\u00e4ltig ausw\\u00e4hlen. Aber wie gesund und rein ist die Luft, die wir in unseren H\\u00e4usern atmen?\",\"breadcrumb\":{\"@id\":\"https:\/\/ventilazione-residenziale.it\/de\/#breadcrumb\"},\"inLanguage\":\"de\",\"potentialAction\":[{\"@type\":\"ReadAction\",\"target\":[\"https:\/\/ventilazione-residenziale.it\/de\/\"]}]},{\"@type\":\"BreadcrumbList\",\"@id\":\"https:\/\/ventilazione-residenziale.it\/de\/#breadcrumb\",\"itemListElement\":[{\"@type\":\"ListItem\",\"position\":1,\"name\":\"Home\",\"item\":\"https:\/\/ventilazione-residenziale.it\/de\/\"},{\"@type\":\"ListItem\",\"position\":2,\"name\":\"Energy Smart\",\"item\":\"https:\/\/ventilazione-residenziale.it\/de\/energy-smart\/\"},{\"@type\":\"ListItem\",\"position\":3,\"name\":\"\\u00dcberblick\"}]}]}<\/script>\n<!-- \/ Yoast SEO plugin. -->","yoast_head_json":{"title":"Home - Wohnrauml\u00fcftung - Energy smart - Sabiana","description":"Wohnrauml\u00fcftung - Energy Smart. Luft zum Atmen in Ihrem Zuhause. Die Luft, die wir atmen. T\u00e4gliches Wohlbefinden. Wir achten immer mehr auf die Art und Weise, wie wir essen, indem wir die ges\u00fcndesten Lebensmittel und Kochmethoden sorgf\u00e4ltig ausw\u00e4hlen. Aber wie gesund und rein ist die Luft, die wir in unseren H\u00e4usern atmen?","robots":{"index":"index","follow":"follow","max-snippet":"max-snippet:-1","max-image-preview":"max-image-preview:large","max-video-preview":"max-video-preview:-1"},"canonical":"https:\/\/ventilazione-residenziale.it\/de\/","og_locale":"de_DE","og_type":"article","og_title":"Home - Wohnrauml\u00fcftung - Energy smart - Sabiana","og_description":"Wohnrauml\u00fcftung - Energy Smart. Luft zum Atmen in Ihrem Zuhause. Die Luft, die wir atmen. T\u00e4gliches Wohlbefinden. Wir achten immer mehr auf die Art und Weise, wie wir essen, indem wir die ges\u00fcndesten Lebensmittel und Kochmethoden sorgf\u00e4ltig ausw\u00e4hlen. Aber wie gesund und rein ist die Luft, die wir in unseren H\u00e4usern atmen?","og_url":"https:\/\/ventilazione-residenziale.it\/de\/","og_site_name":"Ventilazione Residenziale - Energy smart - Sabiana","article_modified_time":"2019-10-24T13:21:08+00:00","twitter_card":"summary_large_image","schema":{"@context":"https:\/\/schema.org","@graph":[{"@type":"WebSite","@id":"https:\/\/ventilazione-residenziale.it\/#website","url":"https:\/\/ventilazione-residenziale.it\/","name":"Ventilazione Residenziale - Energy smart - Sabiana","description":"Ventilazione Residenziale ad alta efficenza","potentialAction":[{"@type":"SearchAction","target":{"@type":"EntryPoint","urlTemplate":"https:\/\/ventilazione-residenziale.it\/?s={search_term_string}"},"query-input":"required name=search_term_string"}],"inLanguage":"de"},{"@type":"WebPage","@id":"https:\/\/ventilazione-residenziale.it\/de\/#webpage","url":"https:\/\/ventilazione-residenziale.it\/de\/","name":"Home - Wohnrauml\u00fcftung - Energy smart - Sabiana","isPartOf":{"@id":"https:\/\/ventilazione-residenziale.it\/#website"},"datePublished":"2018-02-08T13:20:20+00:00","dateModified":"2019-10-24T13:21:08+00:00","description":"Wohnrauml\u00fcftung - Energy Smart. Luft zum Atmen in Ihrem Zuhause. Die Luft, die wir atmen. T\u00e4gliches Wohlbefinden. Wir achten immer mehr auf die Art und Weise, wie wir essen, indem wir die ges\u00fcndesten Lebensmittel und Kochmethoden sorgf\u00e4ltig ausw\u00e4hlen. Aber wie gesund und rein ist die Luft, die wir in unseren H\u00e4usern atmen?","breadcrumb":{"@id":"https:\/\/ventilazione-residenziale.it\/de\/#breadcrumb"},"inLanguage":"de","potentialAction":[{"@type":"ReadAction","target":["https:\/\/ventilazione-residenziale.it\/de\/"]}]},{"@type":"BreadcrumbList","@id":"https:\/\/ventilazione-residenziale.it\/de\/#breadcrumb","itemListElement":[{"@type":"ListItem","position":1,"name":"Home","item":"https:\/\/ventilazione-residenziale.it\/de\/"},{"@type":"ListItem","position":2,"name":"Energy Smart","item":"https:\/\/ventilazione-residenziale.it\/de\/energy-smart\/"},{"@type":"ListItem","position":3,"name":"\u00dcberblick"}]}]}},"_links":{"self":[{"href":"https:\/\/ventilazione-residenziale.it\/de\/wp-json\/wp\/v2\/pages\/423"}],"collection":[{"href":"https:\/\/ventilazione-residenziale.it\/de\/wp-json\/wp\/v2\/pages"}],"about":[{"href":"https:\/\/ventilazione-residenziale.it\/de\/wp-json\/wp\/v2\/types\/page"}],"author":[{"embeddable":true,"href":"https:\/\/ventilazione-residenziale.it\/de\/wp-json\/wp\/v2\/users\/1"}],"replies":[{"embeddable":true,"href":"https:\/\/ventilazione-residenziale.it\/de\/wp-json\/wp\/v2\/comments?post=423"}],"version-history":[{"count":7,"href":"https:\/\/ventilazione-residenziale.it\/de\/wp-json\/wp\/v2\/pages\/423\/revisions"}],"predecessor-version":[{"id":1383,"href":"https:\/\/ventilazione-residenziale.it\/de\/wp-json\/wp\/v2\/pages\/423\/revisions\/1383"}],"up":[{"embeddable":true,"href":"https:\/\/ventilazione-residenziale.it\/de\/wp-json\/wp\/v2\/pages\/1329"}],"wp:attachment":[{"href":"https:\/\/ventilazione-residenziale.it\/de\/wp-json\/wp\/v2\/media?parent=423"}],"curies":[{"name":"wp","href":"https:\/\/api.w.org\/{rel}","templated":true}]}}