{"id":425,"date":"2018-02-08T15:56:00","date_gmt":"2018-02-08T14:56:00","guid":{"rendered":"https:\/\/ventilazione-residenziale.it\/ecosostenibilita\/"},"modified":"2019-05-21T11:26:33","modified_gmt":"2019-05-21T09:26:33","slug":"nachhaltigkeit","status":"publish","type":"page","link":"https:\/\/ventilazione-residenziale.it\/de\/energy-smart\/nachhaltigkeit\/","title":{"rendered":"Nachhaltigkeit"},"content":{"rendered":"","protected":false},"excerpt":{"rendered":"<p> [&#8230;]<\/p>\n<p><a class=\"btn btn-secondary understrap-read-more-link\" href=\"https:\/\/ventilazione-residenziale.it\/de\/energy-smart\/nachhaltigkeit\/\">Weiterlesen&#8230;<\/a><\/p>\n","protected":false},"author":1,"featured_media":800,"parent":1329,"menu_order":1,"comment_status":"closed","ping_status":"closed","template":"page-templates\/eco-house.php","meta":[],"acf":[],"yoast_head":"<!-- This site is optimized with the Yoast SEO plugin v17.6 - https:\/\/yoast.com\/wordpress\/plugins\/seo\/ -->\n<title>Nachhaltigkeit - Wohnrauml\u00fcftung - Energy smart - Sabiana<\/title>\n<meta name=\"description\" content=\"Nachhaltigkeit - Wohnrauml\u00fcftung - Energy Smart. Luft zum Atmen in Ihrem Zuhause. Die Energy Smart Ger\u00e4te von Sabiana sind hochleistungsf\u00e4hige L\u00fcftungsger\u00e4te mit W\u00e4rmer\u00fcckgewinnung, die f\u00fcr Anwendung im Wohnbereich entwickelt wurden. Erfahren Sie mehr Das effiziente System. Energy Smart ist ein Bel\u00fcftungssystem\" \/>\n<meta name=\"robots\" content=\"index, follow, max-snippet:-1, max-image-preview:large, max-video-preview:-1\" \/>\n<link rel=\"canonical\" href=\"https:\/\/ventilazione-residenziale.it\/de\/energy-smart\/nachhaltigkeit\/\" \/>\n<meta property=\"og:locale\" content=\"de_DE\" \/>\n<meta property=\"og:type\" content=\"article\" \/>\n<meta property=\"og:title\" content=\"Nachhaltigkeit - Wohnrauml\u00fcftung - Energy smart - Sabiana\" \/>\n<meta property=\"og:description\" content=\"Nachhaltigkeit - Wohnrauml\u00fcftung - Energy Smart. Luft zum Atmen in Ihrem Zuhause. Die Energy Smart Ger\u00e4te von Sabiana sind hochleistungsf\u00e4hige L\u00fcftungsger\u00e4te mit W\u00e4rmer\u00fcckgewinnung, die f\u00fcr Anwendung im Wohnbereich entwickelt wurden. Erfahren Sie mehr Das effiziente System. Energy Smart ist ein Bel\u00fcftungssystem\" \/>\n<meta property=\"og:url\" content=\"https:\/\/ventilazione-residenziale.it\/de\/energy-smart\/nachhaltigkeit\/\" \/>\n<meta property=\"og:site_name\" content=\"Ventilazione Residenziale - Energy smart - Sabiana\" \/>\n<meta property=\"article:modified_time\" content=\"2019-05-21T09:26:33+00:00\" \/>\n<meta property=\"og:image\" content=\"https:\/\/ventilazione-residenziale.it\/wp-content\/uploads\/2019\/05\/ventilazione_residenziale_sabiana_energy-smart_eco_sustainability.jpg\" \/>\n\t<meta property=\"og:image:width\" content=\"720\" \/>\n\t<meta property=\"og:image:height\" content=\"1018\" \/>\n<meta name=\"twitter:card\" content=\"summary_large_image\" \/>\n<script type=\"application\/ld+json\" class=\"yoast-schema-graph\">{\"@context\":\"https:\/\/schema.org\",\"@graph\":[{\"@type\":\"WebSite\",\"@id\":\"https:\/\/ventilazione-residenziale.it\/#website\",\"url\":\"https:\/\/ventilazione-residenziale.it\/\",\"name\":\"Ventilazione Residenziale - Energy smart - Sabiana\",\"description\":\"Ventilazione Residenziale ad alta efficenza\",\"potentialAction\":[{\"@type\":\"SearchAction\",\"target\":{\"@type\":\"EntryPoint\",\"urlTemplate\":\"https:\/\/ventilazione-residenziale.it\/?s={search_term_string}\"},\"query-input\":\"required name=search_term_string\"}],\"inLanguage\":\"de\"},{\"@type\":\"ImageObject\",\"@id\":\"https:\/\/ventilazione-residenziale.it\/de\/energy-smart\/nachhaltigkeit\/#primaryimage\",\"inLanguage\":\"de\",\"url\":\"https:\/\/ventilazione-residenziale.it\/wp-content\/uploads\/2019\/05\/ventilazione_residenziale_sabiana_energy-smart_eco_sustainability.jpg\",\"contentUrl\":\"https:\/\/ventilazione-residenziale.it\/wp-content\/uploads\/2019\/05\/ventilazione_residenziale_sabiana_energy-smart_eco_sustainability.jpg\",\"width\":720,\"height\":1018},{\"@type\":\"WebPage\",\"@id\":\"https:\/\/ventilazione-residenziale.it\/de\/energy-smart\/nachhaltigkeit\/#webpage\",\"url\":\"https:\/\/ventilazione-residenziale.it\/de\/energy-smart\/nachhaltigkeit\/\",\"name\":\"Nachhaltigkeit - Wohnrauml\\u00fcftung - Energy smart - Sabiana\",\"isPartOf\":{\"@id\":\"https:\/\/ventilazione-residenziale.it\/#website\"},\"primaryImageOfPage\":{\"@id\":\"https:\/\/ventilazione-residenziale.it\/de\/energy-smart\/nachhaltigkeit\/#primaryimage\"},\"datePublished\":\"2018-02-08T14:56:00+00:00\",\"dateModified\":\"2019-05-21T09:26:33+00:00\",\"description\":\"Nachhaltigkeit - Wohnrauml\\u00fcftung - Energy Smart. Luft zum Atmen in Ihrem Zuhause. Die Energy Smart Ger\\u00e4te von Sabiana sind hochleistungsf\\u00e4hige L\\u00fcftungsger\\u00e4te mit W\\u00e4rmer\\u00fcckgewinnung, die f\\u00fcr Anwendung im Wohnbereich entwickelt wurden. Erfahren Sie mehr Das effiziente System. Energy Smart ist ein Bel\\u00fcftungssystem\",\"breadcrumb\":{\"@id\":\"https:\/\/ventilazione-residenziale.it\/de\/energy-smart\/nachhaltigkeit\/#breadcrumb\"},\"inLanguage\":\"de\",\"potentialAction\":[{\"@type\":\"ReadAction\",\"target\":[\"https:\/\/ventilazione-residenziale.it\/de\/energy-smart\/nachhaltigkeit\/\"]}]},{\"@type\":\"BreadcrumbList\",\"@id\":\"https:\/\/ventilazione-residenziale.it\/de\/energy-smart\/nachhaltigkeit\/#breadcrumb\",\"itemListElement\":[{\"@type\":\"ListItem\",\"position\":1,\"name\":\"Home\",\"item\":\"https:\/\/ventilazione-residenziale.it\/de\/\"},{\"@type\":\"ListItem\",\"position\":2,\"name\":\"Energy Smart\",\"item\":\"https:\/\/ventilazione-residenziale.it\/de\/energy-smart\/\"},{\"@type\":\"ListItem\",\"position\":3,\"name\":\"Nachhaltigkeit\"}]}]}<\/script>\n<!-- \/ Yoast SEO plugin. -->","yoast_head_json":{"title":"Nachhaltigkeit - Wohnrauml\u00fcftung - Energy smart - Sabiana","description":"Nachhaltigkeit - Wohnrauml\u00fcftung - Energy Smart. Luft zum Atmen in Ihrem Zuhause. Die Energy Smart Ger\u00e4te von Sabiana sind hochleistungsf\u00e4hige L\u00fcftungsger\u00e4te mit W\u00e4rmer\u00fcckgewinnung, die f\u00fcr Anwendung im Wohnbereich entwickelt wurden. Erfahren Sie mehr Das effiziente System. Energy Smart ist ein Bel\u00fcftungssystem","robots":{"index":"index","follow":"follow","max-snippet":"max-snippet:-1","max-image-preview":"max-image-preview:large","max-video-preview":"max-video-preview:-1"},"canonical":"https:\/\/ventilazione-residenziale.it\/de\/energy-smart\/nachhaltigkeit\/","og_locale":"de_DE","og_type":"article","og_title":"Nachhaltigkeit - Wohnrauml\u00fcftung - Energy smart - Sabiana","og_description":"Nachhaltigkeit - Wohnrauml\u00fcftung - Energy Smart. Luft zum Atmen in Ihrem Zuhause. Die Energy Smart Ger\u00e4te von Sabiana sind hochleistungsf\u00e4hige L\u00fcftungsger\u00e4te mit W\u00e4rmer\u00fcckgewinnung, die f\u00fcr Anwendung im Wohnbereich entwickelt wurden. Erfahren Sie mehr Das effiziente System. Energy Smart ist ein Bel\u00fcftungssystem","og_url":"https:\/\/ventilazione-residenziale.it\/de\/energy-smart\/nachhaltigkeit\/","og_site_name":"Ventilazione Residenziale - Energy smart - Sabiana","article_modified_time":"2019-05-21T09:26:33+00:00","og_image":[{"width":720,"height":1018,"url":"https:\/\/ventilazione-residenziale.it\/wp-content\/uploads\/2019\/05\/ventilazione_residenziale_sabiana_energy-smart_eco_sustainability.jpg","type":"image\/jpeg"}],"twitter_card":"summary_large_image","schema":{"@context":"https:\/\/schema.org","@graph":[{"@type":"WebSite","@id":"https:\/\/ventilazione-residenziale.it\/#website","url":"https:\/\/ventilazione-residenziale.it\/","name":"Ventilazione Residenziale - Energy smart - Sabiana","description":"Ventilazione Residenziale ad alta efficenza","potentialAction":[{"@type":"SearchAction","target":{"@type":"EntryPoint","urlTemplate":"https:\/\/ventilazione-residenziale.it\/?s={search_term_string}"},"query-input":"required name=search_term_string"}],"inLanguage":"de"},{"@type":"ImageObject","@id":"https:\/\/ventilazione-residenziale.it\/de\/energy-smart\/nachhaltigkeit\/#primaryimage","inLanguage":"de","url":"https:\/\/ventilazione-residenziale.it\/wp-content\/uploads\/2019\/05\/ventilazione_residenziale_sabiana_energy-smart_eco_sustainability.jpg","contentUrl":"https:\/\/ventilazione-residenziale.it\/wp-content\/uploads\/2019\/05\/ventilazione_residenziale_sabiana_energy-smart_eco_sustainability.jpg","width":720,"height":1018},{"@type":"WebPage","@id":"https:\/\/ventilazione-residenziale.it\/de\/energy-smart\/nachhaltigkeit\/#webpage","url":"https:\/\/ventilazione-residenziale.it\/de\/energy-smart\/nachhaltigkeit\/","name":"Nachhaltigkeit - Wohnrauml\u00fcftung - Energy smart - Sabiana","isPartOf":{"@id":"https:\/\/ventilazione-residenziale.it\/#website"},"primaryImageOfPage":{"@id":"https:\/\/ventilazione-residenziale.it\/de\/energy-smart\/nachhaltigkeit\/#primaryimage"},"datePublished":"2018-02-08T14:56:00+00:00","dateModified":"2019-05-21T09:26:33+00:00","description":"Nachhaltigkeit - Wohnrauml\u00fcftung - Energy Smart. Luft zum Atmen in Ihrem Zuhause. Die Energy Smart Ger\u00e4te von Sabiana sind hochleistungsf\u00e4hige L\u00fcftungsger\u00e4te mit W\u00e4rmer\u00fcckgewinnung, die f\u00fcr Anwendung im Wohnbereich entwickelt wurden. Erfahren Sie mehr Das effiziente System. Energy Smart ist ein Bel\u00fcftungssystem","breadcrumb":{"@id":"https:\/\/ventilazione-residenziale.it\/de\/energy-smart\/nachhaltigkeit\/#breadcrumb"},"inLanguage":"de","potentialAction":[{"@type":"ReadAction","target":["https:\/\/ventilazione-residenziale.it\/de\/energy-smart\/nachhaltigkeit\/"]}]},{"@type":"BreadcrumbList","@id":"https:\/\/ventilazione-residenziale.it\/de\/energy-smart\/nachhaltigkeit\/#breadcrumb","itemListElement":[{"@type":"ListItem","position":1,"name":"Home","item":"https:\/\/ventilazione-residenziale.it\/de\/"},{"@type":"ListItem","position":2,"name":"Energy Smart","item":"https:\/\/ventilazione-residenziale.it\/de\/energy-smart\/"},{"@type":"ListItem","position":3,"name":"Nachhaltigkeit"}]}]}},"_links":{"self":[{"href":"https:\/\/ventilazione-residenziale.it\/de\/wp-json\/wp\/v2\/pages\/425"}],"collection":[{"href":"https:\/\/ventilazione-residenziale.it\/de\/wp-json\/wp\/v2\/pages"}],"about":[{"href":"https:\/\/ventilazione-residenziale.it\/de\/wp-json\/wp\/v2\/types\/page"}],"author":[{"embeddable":true,"href":"https:\/\/ventilazione-residenziale.it\/de\/wp-json\/wp\/v2\/users\/1"}],"replies":[{"embeddable":true,"href":"https:\/\/ventilazione-residenziale.it\/de\/wp-json\/wp\/v2\/comments?post=425"}],"version-history":[{"count":1,"href":"https:\/\/ventilazione-residenziale.it\/de\/wp-json\/wp\/v2\/pages\/425\/revisions"}],"predecessor-version":[{"id":427,"href":"https:\/\/ventilazione-residenziale.it\/de\/wp-json\/wp\/v2\/pages\/425\/revisions\/427"}],"up":[{"embeddable":true,"href":"https:\/\/ventilazione-residenziale.it\/de\/wp-json\/wp\/v2\/pages\/1329"}],"wp:featuredmedia":[{"embeddable":true,"href":"https:\/\/ventilazione-residenziale.it\/de\/wp-json\/wp\/v2\/media\/800"}],"wp:attachment":[{"href":"https:\/\/ventilazione-residenziale.it\/de\/wp-json\/wp\/v2\/media?parent=425"}],"curies":[{"name":"wp","href":"https:\/\/api.w.org\/{rel}","templated":true}]}}