{"id":437,"date":"2019-02-04T10:20:22","date_gmt":"2019-02-04T09:20:22","guid":{"rendered":"https:\/\/ventilazione-residenziale.it\/ventilazione-residenziale-per-piccoli-ambienti\/"},"modified":"2019-07-25T14:50:59","modified_gmt":"2019-07-25T12:50:59","slug":"belueftung-fuer-kleine-wohnraeume","status":"publish","type":"page","link":"https:\/\/ventilazione-residenziale.it\/de\/energy-smart\/belueftung-fuer-kleine-wohnraeume\/","title":{"rendered":"Bel\u00fcftung f\u00fcr kleine Wohnr\u00e4ume"},"content":{"rendered":"<h4>Energy Smart SHP 130 und Energy Smart SHP 150  sind die neuen Ger\u00e4te von Sabiana, welche die Palette der hocheffizienten Wohnungsl\u00fcftungsger\u00e4te mit Energy Smart W\u00e4rmer\u00fcckgewinnung erweitern.<\/h4>\n","protected":false},"excerpt":{"rendered":"<p>Energy Smart SHP 130 und Energy Smart SHP 150 sind die neuen Ger\u00e4te von Sabiana, welche die Palette der hocheffizienten Wohnungsl\u00fcftungsger\u00e4te mit Energy Smart W\u00e4rmer\u00fcckgewinnung erweitern. [&#8230;]<\/p>\n<p><a class=\"btn btn-secondary understrap-read-more-link\" href=\"https:\/\/ventilazione-residenziale.it\/de\/energy-smart\/belueftung-fuer-kleine-wohnraeume\/\">Weiterlesen&#8230;<\/a><\/p>\n","protected":false},"author":2,"featured_media":0,"parent":1329,"menu_order":5,"comment_status":"closed","ping_status":"closed","template":"page-templates\/eny-shp-130.php","meta":[],"acf":[],"yoast_head":"<!-- This site is optimized with the Yoast SEO plugin v17.6 - https:\/\/yoast.com\/wordpress\/plugins\/seo\/ -->\n<title>Bel\u00fcftung f\u00fcr kleine Wohnr\u00e4ume - Energy Smart - Sabiana<\/title>\n<meta name=\"description\" content=\"Bel\u00fcftung f\u00fcr kleine Wohnr\u00e4ume. Energy Smart SHP 130 ist das neue Ger\u00e4t von Sabiana, das die Palette der hocheffizienten Wohnungsl\u00fcftungsger\u00e4te mit Energy Smart W\u00e4rmer\u00fcckgewinnung erweitert. Es zeichnet sich durch seine kompakten Abmessungen aus: nur 19 cm hoch, was eine einfache Installation erm\u00f6glicht\" \/>\n<meta name=\"robots\" content=\"index, follow, max-snippet:-1, max-image-preview:large, max-video-preview:-1\" \/>\n<link rel=\"canonical\" href=\"https:\/\/ventilazione-residenziale.it\/de\/energy-smart\/belueftung-fuer-kleine-wohnraeume\/\" \/>\n<meta property=\"og:locale\" content=\"de_DE\" \/>\n<meta property=\"og:type\" content=\"article\" \/>\n<meta property=\"og:title\" content=\"Bel\u00fcftung f\u00fcr kleine Wohnr\u00e4ume - Energy Smart - Sabiana\" \/>\n<meta property=\"og:description\" content=\"Bel\u00fcftung f\u00fcr kleine Wohnr\u00e4ume. Energy Smart SHP 130 ist das neue Ger\u00e4t von Sabiana, das die Palette der hocheffizienten Wohnungsl\u00fcftungsger\u00e4te mit Energy Smart W\u00e4rmer\u00fcckgewinnung erweitert. Es zeichnet sich durch seine kompakten Abmessungen aus: nur 19 cm hoch, was eine einfache Installation erm\u00f6glicht\" \/>\n<meta property=\"og:url\" content=\"https:\/\/ventilazione-residenziale.it\/de\/energy-smart\/belueftung-fuer-kleine-wohnraeume\/\" \/>\n<meta property=\"og:site_name\" content=\"Ventilazione Residenziale - Energy smart - Sabiana\" \/>\n<meta property=\"article:modified_time\" content=\"2019-07-25T12:50:59+00:00\" \/>\n<meta name=\"twitter:card\" content=\"summary_large_image\" \/>\n<script type=\"application\/ld+json\" class=\"yoast-schema-graph\">{\"@context\":\"https:\/\/schema.org\",\"@graph\":[{\"@type\":\"WebSite\",\"@id\":\"https:\/\/ventilazione-residenziale.it\/#website\",\"url\":\"https:\/\/ventilazione-residenziale.it\/\",\"name\":\"Ventilazione Residenziale - Energy smart - Sabiana\",\"description\":\"Ventilazione Residenziale ad alta efficenza\",\"potentialAction\":[{\"@type\":\"SearchAction\",\"target\":{\"@type\":\"EntryPoint\",\"urlTemplate\":\"https:\/\/ventilazione-residenziale.it\/?s={search_term_string}\"},\"query-input\":\"required name=search_term_string\"}],\"inLanguage\":\"de\"},{\"@type\":\"WebPage\",\"@id\":\"https:\/\/ventilazione-residenziale.it\/de\/energy-smart\/belueftung-fuer-kleine-wohnraeume\/#webpage\",\"url\":\"https:\/\/ventilazione-residenziale.it\/de\/energy-smart\/belueftung-fuer-kleine-wohnraeume\/\",\"name\":\"Bel\\u00fcftung f\\u00fcr kleine Wohnr\\u00e4ume - Energy Smart - Sabiana\",\"isPartOf\":{\"@id\":\"https:\/\/ventilazione-residenziale.it\/#website\"},\"datePublished\":\"2019-02-04T09:20:22+00:00\",\"dateModified\":\"2019-07-25T12:50:59+00:00\",\"description\":\"Bel\\u00fcftung f\\u00fcr kleine Wohnr\\u00e4ume. Energy Smart SHP 130 ist das neue Ger\\u00e4t von Sabiana, das die Palette der hocheffizienten Wohnungsl\\u00fcftungsger\\u00e4te mit Energy Smart W\\u00e4rmer\\u00fcckgewinnung erweitert. Es zeichnet sich durch seine kompakten Abmessungen aus: nur 19 cm hoch, was eine einfache Installation erm\\u00f6glicht\",\"breadcrumb\":{\"@id\":\"https:\/\/ventilazione-residenziale.it\/de\/energy-smart\/belueftung-fuer-kleine-wohnraeume\/#breadcrumb\"},\"inLanguage\":\"de\",\"potentialAction\":[{\"@type\":\"ReadAction\",\"target\":[\"https:\/\/ventilazione-residenziale.it\/de\/energy-smart\/belueftung-fuer-kleine-wohnraeume\/\"]}]},{\"@type\":\"BreadcrumbList\",\"@id\":\"https:\/\/ventilazione-residenziale.it\/de\/energy-smart\/belueftung-fuer-kleine-wohnraeume\/#breadcrumb\",\"itemListElement\":[{\"@type\":\"ListItem\",\"position\":1,\"name\":\"Home\",\"item\":\"https:\/\/ventilazione-residenziale.it\/de\/\"},{\"@type\":\"ListItem\",\"position\":2,\"name\":\"Energy Smart\",\"item\":\"https:\/\/ventilazione-residenziale.it\/de\/energy-smart\/\"},{\"@type\":\"ListItem\",\"position\":3,\"name\":\"Bel\\u00fcftung f\\u00fcr kleine Wohnr\\u00e4ume\"}]}]}<\/script>\n<!-- \/ Yoast SEO plugin. -->","yoast_head_json":{"title":"Bel\u00fcftung f\u00fcr kleine Wohnr\u00e4ume - Energy Smart - Sabiana","description":"Bel\u00fcftung f\u00fcr kleine Wohnr\u00e4ume. Energy Smart SHP 130 ist das neue Ger\u00e4t von Sabiana, das die Palette der hocheffizienten Wohnungsl\u00fcftungsger\u00e4te mit Energy Smart W\u00e4rmer\u00fcckgewinnung erweitert. Es zeichnet sich durch seine kompakten Abmessungen aus: nur 19 cm hoch, was eine einfache Installation erm\u00f6glicht","robots":{"index":"index","follow":"follow","max-snippet":"max-snippet:-1","max-image-preview":"max-image-preview:large","max-video-preview":"max-video-preview:-1"},"canonical":"https:\/\/ventilazione-residenziale.it\/de\/energy-smart\/belueftung-fuer-kleine-wohnraeume\/","og_locale":"de_DE","og_type":"article","og_title":"Bel\u00fcftung f\u00fcr kleine Wohnr\u00e4ume - Energy Smart - Sabiana","og_description":"Bel\u00fcftung f\u00fcr kleine Wohnr\u00e4ume. Energy Smart SHP 130 ist das neue Ger\u00e4t von Sabiana, das die Palette der hocheffizienten Wohnungsl\u00fcftungsger\u00e4te mit Energy Smart W\u00e4rmer\u00fcckgewinnung erweitert. Es zeichnet sich durch seine kompakten Abmessungen aus: nur 19 cm hoch, was eine einfache Installation erm\u00f6glicht","og_url":"https:\/\/ventilazione-residenziale.it\/de\/energy-smart\/belueftung-fuer-kleine-wohnraeume\/","og_site_name":"Ventilazione Residenziale - Energy smart - Sabiana","article_modified_time":"2019-07-25T12:50:59+00:00","twitter_card":"summary_large_image","schema":{"@context":"https:\/\/schema.org","@graph":[{"@type":"WebSite","@id":"https:\/\/ventilazione-residenziale.it\/#website","url":"https:\/\/ventilazione-residenziale.it\/","name":"Ventilazione Residenziale - Energy smart - Sabiana","description":"Ventilazione Residenziale ad alta efficenza","potentialAction":[{"@type":"SearchAction","target":{"@type":"EntryPoint","urlTemplate":"https:\/\/ventilazione-residenziale.it\/?s={search_term_string}"},"query-input":"required name=search_term_string"}],"inLanguage":"de"},{"@type":"WebPage","@id":"https:\/\/ventilazione-residenziale.it\/de\/energy-smart\/belueftung-fuer-kleine-wohnraeume\/#webpage","url":"https:\/\/ventilazione-residenziale.it\/de\/energy-smart\/belueftung-fuer-kleine-wohnraeume\/","name":"Bel\u00fcftung f\u00fcr kleine Wohnr\u00e4ume - Energy Smart - Sabiana","isPartOf":{"@id":"https:\/\/ventilazione-residenziale.it\/#website"},"datePublished":"2019-02-04T09:20:22+00:00","dateModified":"2019-07-25T12:50:59+00:00","description":"Bel\u00fcftung f\u00fcr kleine Wohnr\u00e4ume. Energy Smart SHP 130 ist das neue Ger\u00e4t von Sabiana, das die Palette der hocheffizienten Wohnungsl\u00fcftungsger\u00e4te mit Energy Smart W\u00e4rmer\u00fcckgewinnung erweitert. Es zeichnet sich durch seine kompakten Abmessungen aus: nur 19 cm hoch, was eine einfache Installation erm\u00f6glicht","breadcrumb":{"@id":"https:\/\/ventilazione-residenziale.it\/de\/energy-smart\/belueftung-fuer-kleine-wohnraeume\/#breadcrumb"},"inLanguage":"de","potentialAction":[{"@type":"ReadAction","target":["https:\/\/ventilazione-residenziale.it\/de\/energy-smart\/belueftung-fuer-kleine-wohnraeume\/"]}]},{"@type":"BreadcrumbList","@id":"https:\/\/ventilazione-residenziale.it\/de\/energy-smart\/belueftung-fuer-kleine-wohnraeume\/#breadcrumb","itemListElement":[{"@type":"ListItem","position":1,"name":"Home","item":"https:\/\/ventilazione-residenziale.it\/de\/"},{"@type":"ListItem","position":2,"name":"Energy Smart","item":"https:\/\/ventilazione-residenziale.it\/de\/energy-smart\/"},{"@type":"ListItem","position":3,"name":"Bel\u00fcftung f\u00fcr kleine Wohnr\u00e4ume"}]}]}},"_links":{"self":[{"href":"https:\/\/ventilazione-residenziale.it\/de\/wp-json\/wp\/v2\/pages\/437"}],"collection":[{"href":"https:\/\/ventilazione-residenziale.it\/de\/wp-json\/wp\/v2\/pages"}],"about":[{"href":"https:\/\/ventilazione-residenziale.it\/de\/wp-json\/wp\/v2\/types\/page"}],"author":[{"embeddable":true,"href":"https:\/\/ventilazione-residenziale.it\/de\/wp-json\/wp\/v2\/users\/2"}],"replies":[{"embeddable":true,"href":"https:\/\/ventilazione-residenziale.it\/de\/wp-json\/wp\/v2\/comments?post=437"}],"version-history":[{"count":5,"href":"https:\/\/ventilazione-residenziale.it\/de\/wp-json\/wp\/v2\/pages\/437\/revisions"}],"predecessor-version":[{"id":1427,"href":"https:\/\/ventilazione-residenziale.it\/de\/wp-json\/wp\/v2\/pages\/437\/revisions\/1427"}],"up":[{"embeddable":true,"href":"https:\/\/ventilazione-residenziale.it\/de\/wp-json\/wp\/v2\/pages\/1329"}],"wp:attachment":[{"href":"https:\/\/ventilazione-residenziale.it\/de\/wp-json\/wp\/v2\/media?parent=437"}],"curies":[{"name":"wp","href":"https:\/\/api.w.org\/{rel}","templated":true}]}}