{"id":788,"date":"2019-02-05T09:52:53","date_gmt":"2019-02-05T08:52:53","guid":{"rendered":"https:\/\/ventilazione-residenziale.it\/tecnologia-new\/"},"modified":"2019-10-02T10:33:08","modified_gmt":"2019-10-02T08:33:08","slug":"technologie","status":"publish","type":"page","link":"https:\/\/ventilazione-residenziale.it\/de\/energy-smart\/technologie\/","title":{"rendered":"Technologie"},"content":{"rendered":"","protected":false},"excerpt":{"rendered":"<p> [&#8230;]<\/p>\n<p><a class=\"btn btn-secondary understrap-read-more-link\" href=\"https:\/\/ventilazione-residenziale.it\/de\/energy-smart\/technologie\/\">Weiterlesen&#8230;<\/a><\/p>\n","protected":false},"author":2,"featured_media":790,"parent":1329,"menu_order":3,"comment_status":"closed","ping_status":"closed","template":"page-templates\/technology-new.php","meta":[],"acf":[],"yoast_head":"<!-- This site is optimized with the Yoast SEO plugin v17.6 - https:\/\/yoast.com\/wordpress\/plugins\/seo\/ -->\n<title>KMB Technologie - Wohnrauml\u00fcftung - Energy Smart - Sabiana<\/title>\n<meta name=\"description\" content=\"Bel\u00fcftung f\u00fcr Wohnr\u00e4ume - KMB Technologie kontrollierte mechanische Bel\u00fcftung. Energieeffizienz und Komfort. Die W\u00e4rme der Wohnr\u00e4ume zur\u00fcckgewinnen. Durch das Prinzip der W\u00e4rmer\u00fcckgewinnung tauscht die Abluft ihre eigene W\u00e4rme mit der Zuluft aus und senkt so den Heiz- und K\u00fchlbedarf\" \/>\n<meta name=\"robots\" content=\"index, follow, max-snippet:-1, max-image-preview:large, max-video-preview:-1\" \/>\n<link rel=\"canonical\" href=\"https:\/\/ventilazione-residenziale.it\/de\/energy-smart\/technologie\/\" \/>\n<meta property=\"og:locale\" content=\"de_DE\" \/>\n<meta property=\"og:type\" content=\"article\" \/>\n<meta property=\"og:title\" content=\"KMB Technologie - Wohnrauml\u00fcftung - Energy Smart - Sabiana\" \/>\n<meta property=\"og:description\" content=\"Bel\u00fcftung f\u00fcr Wohnr\u00e4ume - KMB Technologie kontrollierte mechanische Bel\u00fcftung. Energieeffizienz und Komfort. Die W\u00e4rme der Wohnr\u00e4ume zur\u00fcckgewinnen. Durch das Prinzip der W\u00e4rmer\u00fcckgewinnung tauscht die Abluft ihre eigene W\u00e4rme mit der Zuluft aus und senkt so den Heiz- und K\u00fchlbedarf\" \/>\n<meta property=\"og:url\" content=\"https:\/\/ventilazione-residenziale.it\/de\/energy-smart\/technologie\/\" \/>\n<meta property=\"og:site_name\" content=\"Ventilazione Residenziale - Energy smart - Sabiana\" \/>\n<meta property=\"article:modified_time\" content=\"2019-10-02T08:33:08+00:00\" \/>\n<meta property=\"og:image\" content=\"https:\/\/ventilazione-residenziale.it\/wp-content\/uploads\/2018\/02\/ventilazione_residenziale_sabiana_energy-smart_tecnology.jpg\" \/>\n\t<meta property=\"og:image:width\" content=\"1000\" \/>\n\t<meta property=\"og:image:height\" content=\"1415\" \/>\n<meta name=\"twitter:card\" content=\"summary_large_image\" \/>\n<script type=\"application\/ld+json\" class=\"yoast-schema-graph\">{\"@context\":\"https:\/\/schema.org\",\"@graph\":[{\"@type\":\"WebSite\",\"@id\":\"https:\/\/ventilazione-residenziale.it\/#website\",\"url\":\"https:\/\/ventilazione-residenziale.it\/\",\"name\":\"Ventilazione Residenziale - Energy smart - Sabiana\",\"description\":\"Ventilazione Residenziale ad alta efficenza\",\"potentialAction\":[{\"@type\":\"SearchAction\",\"target\":{\"@type\":\"EntryPoint\",\"urlTemplate\":\"https:\/\/ventilazione-residenziale.it\/?s={search_term_string}\"},\"query-input\":\"required name=search_term_string\"}],\"inLanguage\":\"de\"},{\"@type\":\"ImageObject\",\"@id\":\"https:\/\/ventilazione-residenziale.it\/de\/energy-smart\/technologie\/#primaryimage\",\"inLanguage\":\"de\",\"url\":\"https:\/\/ventilazione-residenziale.it\/wp-content\/uploads\/2018\/02\/ventilazione_residenziale_sabiana_energy-smart_tecnology.jpg\",\"contentUrl\":\"https:\/\/ventilazione-residenziale.it\/wp-content\/uploads\/2018\/02\/ventilazione_residenziale_sabiana_energy-smart_tecnology.jpg\",\"width\":1000,\"height\":1415},{\"@type\":\"WebPage\",\"@id\":\"https:\/\/ventilazione-residenziale.it\/de\/energy-smart\/technologie\/#webpage\",\"url\":\"https:\/\/ventilazione-residenziale.it\/de\/energy-smart\/technologie\/\",\"name\":\"KMB Technologie - Wohnrauml\\u00fcftung - Energy Smart - Sabiana\",\"isPartOf\":{\"@id\":\"https:\/\/ventilazione-residenziale.it\/#website\"},\"primaryImageOfPage\":{\"@id\":\"https:\/\/ventilazione-residenziale.it\/de\/energy-smart\/technologie\/#primaryimage\"},\"datePublished\":\"2019-02-05T08:52:53+00:00\",\"dateModified\":\"2019-10-02T08:33:08+00:00\",\"description\":\"Bel\\u00fcftung f\\u00fcr Wohnr\\u00e4ume - KMB Technologie kontrollierte mechanische Bel\\u00fcftung. Energieeffizienz und Komfort. Die W\\u00e4rme der Wohnr\\u00e4ume zur\\u00fcckgewinnen. Durch das Prinzip der W\\u00e4rmer\\u00fcckgewinnung tauscht die Abluft ihre eigene W\\u00e4rme mit der Zuluft aus und senkt so den Heiz- und K\\u00fchlbedarf\",\"breadcrumb\":{\"@id\":\"https:\/\/ventilazione-residenziale.it\/de\/energy-smart\/technologie\/#breadcrumb\"},\"inLanguage\":\"de\",\"potentialAction\":[{\"@type\":\"ReadAction\",\"target\":[\"https:\/\/ventilazione-residenziale.it\/de\/energy-smart\/technologie\/\"]}]},{\"@type\":\"BreadcrumbList\",\"@id\":\"https:\/\/ventilazione-residenziale.it\/de\/energy-smart\/technologie\/#breadcrumb\",\"itemListElement\":[{\"@type\":\"ListItem\",\"position\":1,\"name\":\"Home\",\"item\":\"https:\/\/ventilazione-residenziale.it\/de\/\"},{\"@type\":\"ListItem\",\"position\":2,\"name\":\"Energy Smart\",\"item\":\"https:\/\/ventilazione-residenziale.it\/de\/energy-smart\/\"},{\"@type\":\"ListItem\",\"position\":3,\"name\":\"Technologie\"}]}]}<\/script>\n<!-- \/ Yoast SEO plugin. -->","yoast_head_json":{"title":"KMB Technologie - Wohnrauml\u00fcftung - Energy Smart - Sabiana","description":"Bel\u00fcftung f\u00fcr Wohnr\u00e4ume - KMB Technologie kontrollierte mechanische Bel\u00fcftung. Energieeffizienz und Komfort. Die W\u00e4rme der Wohnr\u00e4ume zur\u00fcckgewinnen. Durch das Prinzip der W\u00e4rmer\u00fcckgewinnung tauscht die Abluft ihre eigene W\u00e4rme mit der Zuluft aus und senkt so den Heiz- und K\u00fchlbedarf","robots":{"index":"index","follow":"follow","max-snippet":"max-snippet:-1","max-image-preview":"max-image-preview:large","max-video-preview":"max-video-preview:-1"},"canonical":"https:\/\/ventilazione-residenziale.it\/de\/energy-smart\/technologie\/","og_locale":"de_DE","og_type":"article","og_title":"KMB Technologie - Wohnrauml\u00fcftung - Energy Smart - Sabiana","og_description":"Bel\u00fcftung f\u00fcr Wohnr\u00e4ume - KMB Technologie kontrollierte mechanische Bel\u00fcftung. Energieeffizienz und Komfort. Die W\u00e4rme der Wohnr\u00e4ume zur\u00fcckgewinnen. Durch das Prinzip der W\u00e4rmer\u00fcckgewinnung tauscht die Abluft ihre eigene W\u00e4rme mit der Zuluft aus und senkt so den Heiz- und K\u00fchlbedarf","og_url":"https:\/\/ventilazione-residenziale.it\/de\/energy-smart\/technologie\/","og_site_name":"Ventilazione Residenziale - Energy smart - Sabiana","article_modified_time":"2019-10-02T08:33:08+00:00","og_image":[{"width":1000,"height":1415,"url":"https:\/\/ventilazione-residenziale.it\/wp-content\/uploads\/2018\/02\/ventilazione_residenziale_sabiana_energy-smart_tecnology.jpg","type":"image\/jpeg"}],"twitter_card":"summary_large_image","schema":{"@context":"https:\/\/schema.org","@graph":[{"@type":"WebSite","@id":"https:\/\/ventilazione-residenziale.it\/#website","url":"https:\/\/ventilazione-residenziale.it\/","name":"Ventilazione Residenziale - Energy smart - Sabiana","description":"Ventilazione Residenziale ad alta efficenza","potentialAction":[{"@type":"SearchAction","target":{"@type":"EntryPoint","urlTemplate":"https:\/\/ventilazione-residenziale.it\/?s={search_term_string}"},"query-input":"required name=search_term_string"}],"inLanguage":"de"},{"@type":"ImageObject","@id":"https:\/\/ventilazione-residenziale.it\/de\/energy-smart\/technologie\/#primaryimage","inLanguage":"de","url":"https:\/\/ventilazione-residenziale.it\/wp-content\/uploads\/2018\/02\/ventilazione_residenziale_sabiana_energy-smart_tecnology.jpg","contentUrl":"https:\/\/ventilazione-residenziale.it\/wp-content\/uploads\/2018\/02\/ventilazione_residenziale_sabiana_energy-smart_tecnology.jpg","width":1000,"height":1415},{"@type":"WebPage","@id":"https:\/\/ventilazione-residenziale.it\/de\/energy-smart\/technologie\/#webpage","url":"https:\/\/ventilazione-residenziale.it\/de\/energy-smart\/technologie\/","name":"KMB Technologie - Wohnrauml\u00fcftung - Energy Smart - Sabiana","isPartOf":{"@id":"https:\/\/ventilazione-residenziale.it\/#website"},"primaryImageOfPage":{"@id":"https:\/\/ventilazione-residenziale.it\/de\/energy-smart\/technologie\/#primaryimage"},"datePublished":"2019-02-05T08:52:53+00:00","dateModified":"2019-10-02T08:33:08+00:00","description":"Bel\u00fcftung f\u00fcr Wohnr\u00e4ume - KMB Technologie kontrollierte mechanische Bel\u00fcftung. Energieeffizienz und Komfort. Die W\u00e4rme der Wohnr\u00e4ume zur\u00fcckgewinnen. Durch das Prinzip der W\u00e4rmer\u00fcckgewinnung tauscht die Abluft ihre eigene W\u00e4rme mit der Zuluft aus und senkt so den Heiz- und K\u00fchlbedarf","breadcrumb":{"@id":"https:\/\/ventilazione-residenziale.it\/de\/energy-smart\/technologie\/#breadcrumb"},"inLanguage":"de","potentialAction":[{"@type":"ReadAction","target":["https:\/\/ventilazione-residenziale.it\/de\/energy-smart\/technologie\/"]}]},{"@type":"BreadcrumbList","@id":"https:\/\/ventilazione-residenziale.it\/de\/energy-smart\/technologie\/#breadcrumb","itemListElement":[{"@type":"ListItem","position":1,"name":"Home","item":"https:\/\/ventilazione-residenziale.it\/de\/"},{"@type":"ListItem","position":2,"name":"Energy Smart","item":"https:\/\/ventilazione-residenziale.it\/de\/energy-smart\/"},{"@type":"ListItem","position":3,"name":"Technologie"}]}]}},"_links":{"self":[{"href":"https:\/\/ventilazione-residenziale.it\/de\/wp-json\/wp\/v2\/pages\/788"}],"collection":[{"href":"https:\/\/ventilazione-residenziale.it\/de\/wp-json\/wp\/v2\/pages"}],"about":[{"href":"https:\/\/ventilazione-residenziale.it\/de\/wp-json\/wp\/v2\/types\/page"}],"author":[{"embeddable":true,"href":"https:\/\/ventilazione-residenziale.it\/de\/wp-json\/wp\/v2\/users\/2"}],"replies":[{"embeddable":true,"href":"https:\/\/ventilazione-residenziale.it\/de\/wp-json\/wp\/v2\/comments?post=788"}],"version-history":[{"count":9,"href":"https:\/\/ventilazione-residenziale.it\/de\/wp-json\/wp\/v2\/pages\/788\/revisions"}],"predecessor-version":[{"id":1439,"href":"https:\/\/ventilazione-residenziale.it\/de\/wp-json\/wp\/v2\/pages\/788\/revisions\/1439"}],"up":[{"embeddable":true,"href":"https:\/\/ventilazione-residenziale.it\/de\/wp-json\/wp\/v2\/pages\/1329"}],"wp:featuredmedia":[{"embeddable":true,"href":"https:\/\/ventilazione-residenziale.it\/de\/wp-json\/wp\/v2\/media\/790"}],"wp:attachment":[{"href":"https:\/\/ventilazione-residenziale.it\/de\/wp-json\/wp\/v2\/media?parent=788"}],"curies":[{"name":"wp","href":"https:\/\/api.w.org\/{rel}","templated":true}]}}