{"id":442,"date":"2018-02-08T15:56:00","date_gmt":"2018-02-08T14:56:00","guid":{"rendered":"https:\/\/ventilazione-residenziale.it\/ecosostenibilita\/"},"modified":"2019-05-21T11:27:49","modified_gmt":"2019-05-21T09:27:49","slug":"ecosostenibilidad","status":"publish","type":"page","link":"https:\/\/ventilazione-residenziale.it\/es\/energy-smart\/ecosostenibilidad\/","title":{"rendered":"Ecosostenibilidad"},"content":{"rendered":"","protected":false},"excerpt":{"rendered":"<p> [&#8230;]<\/p>\n<p><a class=\"btn btn-secondary understrap-read-more-link\" href=\"https:\/\/ventilazione-residenziale.it\/es\/energy-smart\/ecosostenibilidad\/\">Leer m\u00e1s&#8230;<\/a><\/p>\n","protected":false},"author":1,"featured_media":802,"parent":1330,"menu_order":1,"comment_status":"closed","ping_status":"closed","template":"page-templates\/eco-house.php","meta":[],"acf":[],"yoast_head":"<!-- This site is optimized with the Yoast SEO plugin v17.6 - https:\/\/yoast.com\/wordpress\/plugins\/seo\/ -->\n<title>Ecosostenibilidad - Ventilaci\u00f3n Residencial - Energy Smart - Sabiana<\/title>\n<meta name=\"description\" content=\"Ecosostenibilidad - Ventilaci\u00f3n Residencial - Energy Smart. El aire de su casa. Energy Smart es la gama Sabiana de unidades de ventilaci\u00f3n de alta eficiencia con sistema de recuperaci\u00f3n de calor, dise\u00f1adas debidamente para aplicaciones en viviendas. Descubra m\u00e1s sobre el sistema eficiente. Energy Smart es un sistema de ventilaci\u00f3n\" \/>\n<meta name=\"robots\" content=\"index, follow, max-snippet:-1, max-image-preview:large, max-video-preview:-1\" \/>\n<link rel=\"canonical\" href=\"https:\/\/ventilazione-residenziale.it\/es\/energy-smart\/ecosostenibilidad\/\" \/>\n<meta property=\"og:locale\" content=\"es_ES\" \/>\n<meta property=\"og:type\" content=\"article\" \/>\n<meta property=\"og:title\" content=\"Ecosostenibilidad - Ventilaci\u00f3n Residencial - Energy Smart - Sabiana\" \/>\n<meta property=\"og:description\" content=\"Ecosostenibilidad - Ventilaci\u00f3n Residencial - Energy Smart. El aire de su casa. Energy Smart es la gama Sabiana de unidades de ventilaci\u00f3n de alta eficiencia con sistema de recuperaci\u00f3n de calor, dise\u00f1adas debidamente para aplicaciones en viviendas. Descubra m\u00e1s sobre el sistema eficiente. Energy Smart es un sistema de ventilaci\u00f3n\" \/>\n<meta property=\"og:url\" content=\"https:\/\/ventilazione-residenziale.it\/es\/energy-smart\/ecosostenibilidad\/\" \/>\n<meta property=\"og:site_name\" content=\"Ventilazione Residenziale - Energy smart - Sabiana\" \/>\n<meta property=\"article:modified_time\" content=\"2019-05-21T09:27:49+00:00\" \/>\n<meta property=\"og:image\" content=\"https:\/\/ventilazione-residenziale.it\/wp-content\/uploads\/2019\/05\/ventilazione_residenziale_sabiana_energy-smart_eco_sustainability.jpg\" \/>\n\t<meta property=\"og:image:width\" content=\"720\" \/>\n\t<meta property=\"og:image:height\" content=\"1018\" \/>\n<meta name=\"twitter:card\" content=\"summary_large_image\" \/>\n<script type=\"application\/ld+json\" class=\"yoast-schema-graph\">{\"@context\":\"https:\/\/schema.org\",\"@graph\":[{\"@type\":\"WebSite\",\"@id\":\"https:\/\/ventilazione-residenziale.it\/#website\",\"url\":\"https:\/\/ventilazione-residenziale.it\/\",\"name\":\"Ventilazione Residenziale - Energy smart - Sabiana\",\"description\":\"Ventilazione Residenziale ad alta efficenza\",\"potentialAction\":[{\"@type\":\"SearchAction\",\"target\":{\"@type\":\"EntryPoint\",\"urlTemplate\":\"https:\/\/ventilazione-residenziale.it\/?s={search_term_string}\"},\"query-input\":\"required name=search_term_string\"}],\"inLanguage\":\"es\"},{\"@type\":\"ImageObject\",\"@id\":\"https:\/\/ventilazione-residenziale.it\/es\/energy-smart\/ecosostenibilidad\/#primaryimage\",\"inLanguage\":\"es\",\"url\":\"https:\/\/ventilazione-residenziale.it\/wp-content\/uploads\/2019\/05\/ventilazione_residenziale_sabiana_energy-smart_eco_sustainability.jpg\",\"contentUrl\":\"https:\/\/ventilazione-residenziale.it\/wp-content\/uploads\/2019\/05\/ventilazione_residenziale_sabiana_energy-smart_eco_sustainability.jpg\",\"width\":720,\"height\":1018},{\"@type\":\"WebPage\",\"@id\":\"https:\/\/ventilazione-residenziale.it\/es\/energy-smart\/ecosostenibilidad\/#webpage\",\"url\":\"https:\/\/ventilazione-residenziale.it\/es\/energy-smart\/ecosostenibilidad\/\",\"name\":\"Ecosostenibilidad - Ventilaci\\u00f3n Residencial - Energy Smart - Sabiana\",\"isPartOf\":{\"@id\":\"https:\/\/ventilazione-residenziale.it\/#website\"},\"primaryImageOfPage\":{\"@id\":\"https:\/\/ventilazione-residenziale.it\/es\/energy-smart\/ecosostenibilidad\/#primaryimage\"},\"datePublished\":\"2018-02-08T14:56:00+00:00\",\"dateModified\":\"2019-05-21T09:27:49+00:00\",\"description\":\"Ecosostenibilidad - Ventilaci\\u00f3n Residencial - Energy Smart. El aire de su casa. Energy Smart es la gama Sabiana de unidades de ventilaci\\u00f3n de alta eficiencia con sistema de recuperaci\\u00f3n de calor, dise\\u00f1adas debidamente para aplicaciones en viviendas. Descubra m\\u00e1s sobre el sistema eficiente. Energy Smart es un sistema de ventilaci\\u00f3n\",\"breadcrumb\":{\"@id\":\"https:\/\/ventilazione-residenziale.it\/es\/energy-smart\/ecosostenibilidad\/#breadcrumb\"},\"inLanguage\":\"es\",\"potentialAction\":[{\"@type\":\"ReadAction\",\"target\":[\"https:\/\/ventilazione-residenziale.it\/es\/energy-smart\/ecosostenibilidad\/\"]}]},{\"@type\":\"BreadcrumbList\",\"@id\":\"https:\/\/ventilazione-residenziale.it\/es\/energy-smart\/ecosostenibilidad\/#breadcrumb\",\"itemListElement\":[{\"@type\":\"ListItem\",\"position\":1,\"name\":\"Home\",\"item\":\"https:\/\/ventilazione-residenziale.it\/es\/\"},{\"@type\":\"ListItem\",\"position\":2,\"name\":\"Energy Smart\",\"item\":\"https:\/\/ventilazione-residenziale.it\/es\/energy-smart\/\"},{\"@type\":\"ListItem\",\"position\":3,\"name\":\"Ecosostenibilidad\"}]}]}<\/script>\n<!-- \/ Yoast SEO plugin. -->","yoast_head_json":{"title":"Ecosostenibilidad - Ventilaci\u00f3n Residencial - Energy Smart - Sabiana","description":"Ecosostenibilidad - Ventilaci\u00f3n Residencial - Energy Smart. El aire de su casa. Energy Smart es la gama Sabiana de unidades de ventilaci\u00f3n de alta eficiencia con sistema de recuperaci\u00f3n de calor, dise\u00f1adas debidamente para aplicaciones en viviendas. Descubra m\u00e1s sobre el sistema eficiente. Energy Smart es un sistema de ventilaci\u00f3n","robots":{"index":"index","follow":"follow","max-snippet":"max-snippet:-1","max-image-preview":"max-image-preview:large","max-video-preview":"max-video-preview:-1"},"canonical":"https:\/\/ventilazione-residenziale.it\/es\/energy-smart\/ecosostenibilidad\/","og_locale":"es_ES","og_type":"article","og_title":"Ecosostenibilidad - Ventilaci\u00f3n Residencial - Energy Smart - Sabiana","og_description":"Ecosostenibilidad - Ventilaci\u00f3n Residencial - Energy Smart. El aire de su casa. Energy Smart es la gama Sabiana de unidades de ventilaci\u00f3n de alta eficiencia con sistema de recuperaci\u00f3n de calor, dise\u00f1adas debidamente para aplicaciones en viviendas. Descubra m\u00e1s sobre el sistema eficiente. Energy Smart es un sistema de ventilaci\u00f3n","og_url":"https:\/\/ventilazione-residenziale.it\/es\/energy-smart\/ecosostenibilidad\/","og_site_name":"Ventilazione Residenziale - Energy smart - Sabiana","article_modified_time":"2019-05-21T09:27:49+00:00","og_image":[{"width":720,"height":1018,"url":"https:\/\/ventilazione-residenziale.it\/wp-content\/uploads\/2019\/05\/ventilazione_residenziale_sabiana_energy-smart_eco_sustainability.jpg","type":"image\/jpeg"}],"twitter_card":"summary_large_image","schema":{"@context":"https:\/\/schema.org","@graph":[{"@type":"WebSite","@id":"https:\/\/ventilazione-residenziale.it\/#website","url":"https:\/\/ventilazione-residenziale.it\/","name":"Ventilazione Residenziale - Energy smart - Sabiana","description":"Ventilazione Residenziale ad alta efficenza","potentialAction":[{"@type":"SearchAction","target":{"@type":"EntryPoint","urlTemplate":"https:\/\/ventilazione-residenziale.it\/?s={search_term_string}"},"query-input":"required name=search_term_string"}],"inLanguage":"es"},{"@type":"ImageObject","@id":"https:\/\/ventilazione-residenziale.it\/es\/energy-smart\/ecosostenibilidad\/#primaryimage","inLanguage":"es","url":"https:\/\/ventilazione-residenziale.it\/wp-content\/uploads\/2019\/05\/ventilazione_residenziale_sabiana_energy-smart_eco_sustainability.jpg","contentUrl":"https:\/\/ventilazione-residenziale.it\/wp-content\/uploads\/2019\/05\/ventilazione_residenziale_sabiana_energy-smart_eco_sustainability.jpg","width":720,"height":1018},{"@type":"WebPage","@id":"https:\/\/ventilazione-residenziale.it\/es\/energy-smart\/ecosostenibilidad\/#webpage","url":"https:\/\/ventilazione-residenziale.it\/es\/energy-smart\/ecosostenibilidad\/","name":"Ecosostenibilidad - Ventilaci\u00f3n Residencial - Energy Smart - Sabiana","isPartOf":{"@id":"https:\/\/ventilazione-residenziale.it\/#website"},"primaryImageOfPage":{"@id":"https:\/\/ventilazione-residenziale.it\/es\/energy-smart\/ecosostenibilidad\/#primaryimage"},"datePublished":"2018-02-08T14:56:00+00:00","dateModified":"2019-05-21T09:27:49+00:00","description":"Ecosostenibilidad - Ventilaci\u00f3n Residencial - Energy Smart. El aire de su casa. Energy Smart es la gama Sabiana de unidades de ventilaci\u00f3n de alta eficiencia con sistema de recuperaci\u00f3n de calor, dise\u00f1adas debidamente para aplicaciones en viviendas. Descubra m\u00e1s sobre el sistema eficiente. Energy Smart es un sistema de ventilaci\u00f3n","breadcrumb":{"@id":"https:\/\/ventilazione-residenziale.it\/es\/energy-smart\/ecosostenibilidad\/#breadcrumb"},"inLanguage":"es","potentialAction":[{"@type":"ReadAction","target":["https:\/\/ventilazione-residenziale.it\/es\/energy-smart\/ecosostenibilidad\/"]}]},{"@type":"BreadcrumbList","@id":"https:\/\/ventilazione-residenziale.it\/es\/energy-smart\/ecosostenibilidad\/#breadcrumb","itemListElement":[{"@type":"ListItem","position":1,"name":"Home","item":"https:\/\/ventilazione-residenziale.it\/es\/"},{"@type":"ListItem","position":2,"name":"Energy Smart","item":"https:\/\/ventilazione-residenziale.it\/es\/energy-smart\/"},{"@type":"ListItem","position":3,"name":"Ecosostenibilidad"}]}]}},"_links":{"self":[{"href":"https:\/\/ventilazione-residenziale.it\/es\/wp-json\/wp\/v2\/pages\/442"}],"collection":[{"href":"https:\/\/ventilazione-residenziale.it\/es\/wp-json\/wp\/v2\/pages"}],"about":[{"href":"https:\/\/ventilazione-residenziale.it\/es\/wp-json\/wp\/v2\/types\/page"}],"author":[{"embeddable":true,"href":"https:\/\/ventilazione-residenziale.it\/es\/wp-json\/wp\/v2\/users\/1"}],"replies":[{"embeddable":true,"href":"https:\/\/ventilazione-residenziale.it\/es\/wp-json\/wp\/v2\/comments?post=442"}],"version-history":[{"count":1,"href":"https:\/\/ventilazione-residenziale.it\/es\/wp-json\/wp\/v2\/pages\/442\/revisions"}],"predecessor-version":[{"id":444,"href":"https:\/\/ventilazione-residenziale.it\/es\/wp-json\/wp\/v2\/pages\/442\/revisions\/444"}],"up":[{"embeddable":true,"href":"https:\/\/ventilazione-residenziale.it\/es\/wp-json\/wp\/v2\/pages\/1330"}],"wp:featuredmedia":[{"embeddable":true,"href":"https:\/\/ventilazione-residenziale.it\/es\/wp-json\/wp\/v2\/media\/802"}],"wp:attachment":[{"href":"https:\/\/ventilazione-residenziale.it\/es\/wp-json\/wp\/v2\/media?parent=442"}],"curies":[{"name":"wp","href":"https:\/\/api.w.org\/{rel}","templated":true}]}}