{"id":445,"date":"2018-02-08T16:00:39","date_gmt":"2018-02-08T15:00:39","guid":{"rendered":"https:\/\/ventilazione-residenziale.it\/vantaggi\/"},"modified":"2019-05-21T11:31:56","modified_gmt":"2019-05-21T09:31:56","slug":"ventajas","status":"publish","type":"page","link":"https:\/\/ventilazione-residenziale.it\/es\/energy-smart\/ventajas\/","title":{"rendered":"Ventajas"},"content":{"rendered":"","protected":false},"excerpt":{"rendered":"<p> [&#8230;]<\/p>\n<p><a class=\"btn btn-secondary understrap-read-more-link\" href=\"https:\/\/ventilazione-residenziale.it\/es\/energy-smart\/ventajas\/\">Leer m\u00e1s&#8230;<\/a><\/p>\n","protected":false},"author":1,"featured_media":831,"parent":1330,"menu_order":2,"comment_status":"closed","ping_status":"closed","template":"page-templates\/advantages.php","meta":[],"acf":[],"yoast_head":"<!-- This site is optimized with the Yoast SEO plugin v17.6 - https:\/\/yoast.com\/wordpress\/plugins\/seo\/ -->\n<title>Ventajas - Ventilaci\u00f3n Residencial - Energy Smart - Sabiana<\/title>\n<meta name=\"description\" content=\"Las ventajas concretas de equipar una vivienda con un sistema de Ventilaci\u00f3n Mec\u00e1nica Controlada (VMC). Salud e higiene, Confort, Ahorro energ\u00e9tico, tiempos de secado, elevada seguridad, dise\u00f1o, simplicidad de instalaci\u00f3n, dimensiones reducidas, clase energ\u00e9tica A+, bajo impacto sonoro que lo hace silencioso\" \/>\n<meta name=\"robots\" content=\"index, follow, max-snippet:-1, max-image-preview:large, max-video-preview:-1\" \/>\n<link rel=\"canonical\" href=\"https:\/\/ventilazione-residenziale.it\/es\/energy-smart\/ventajas\/\" \/>\n<meta property=\"og:locale\" content=\"es_ES\" \/>\n<meta property=\"og:type\" content=\"article\" \/>\n<meta property=\"og:title\" content=\"Ventajas - Ventilaci\u00f3n Residencial - Energy Smart - Sabiana\" \/>\n<meta property=\"og:description\" content=\"Las ventajas concretas de equipar una vivienda con un sistema de Ventilaci\u00f3n Mec\u00e1nica Controlada (VMC). Salud e higiene, Confort, Ahorro energ\u00e9tico, tiempos de secado, elevada seguridad, dise\u00f1o, simplicidad de instalaci\u00f3n, dimensiones reducidas, clase energ\u00e9tica A+, bajo impacto sonoro que lo hace silencioso\" \/>\n<meta property=\"og:url\" content=\"https:\/\/ventilazione-residenziale.it\/es\/energy-smart\/ventajas\/\" \/>\n<meta property=\"og:site_name\" content=\"Ventilazione Residenziale - Energy smart - Sabiana\" \/>\n<meta property=\"article:modified_time\" content=\"2019-05-21T09:31:56+00:00\" \/>\n<meta property=\"og:image\" content=\"https:\/\/ventilazione-residenziale.it\/wp-content\/uploads\/2019\/05\/ventilazione_residenziale_sabiana_energy-smart_advantages.jpg\" \/>\n\t<meta property=\"og:image:width\" content=\"1000\" \/>\n\t<meta property=\"og:image:height\" content=\"1414\" \/>\n<meta name=\"twitter:card\" content=\"summary_large_image\" \/>\n<script type=\"application\/ld+json\" class=\"yoast-schema-graph\">{\"@context\":\"https:\/\/schema.org\",\"@graph\":[{\"@type\":\"WebSite\",\"@id\":\"https:\/\/ventilazione-residenziale.it\/#website\",\"url\":\"https:\/\/ventilazione-residenziale.it\/\",\"name\":\"Ventilazione Residenziale - Energy smart - Sabiana\",\"description\":\"Ventilazione Residenziale ad alta efficenza\",\"potentialAction\":[{\"@type\":\"SearchAction\",\"target\":{\"@type\":\"EntryPoint\",\"urlTemplate\":\"https:\/\/ventilazione-residenziale.it\/?s={search_term_string}\"},\"query-input\":\"required name=search_term_string\"}],\"inLanguage\":\"es\"},{\"@type\":\"ImageObject\",\"@id\":\"https:\/\/ventilazione-residenziale.it\/es\/energy-smart\/ventajas\/#primaryimage\",\"inLanguage\":\"es\",\"url\":\"https:\/\/ventilazione-residenziale.it\/wp-content\/uploads\/2019\/05\/ventilazione_residenziale_sabiana_energy-smart_advantages.jpg\",\"contentUrl\":\"https:\/\/ventilazione-residenziale.it\/wp-content\/uploads\/2019\/05\/ventilazione_residenziale_sabiana_energy-smart_advantages.jpg\",\"width\":1000,\"height\":1414},{\"@type\":\"WebPage\",\"@id\":\"https:\/\/ventilazione-residenziale.it\/es\/energy-smart\/ventajas\/#webpage\",\"url\":\"https:\/\/ventilazione-residenziale.it\/es\/energy-smart\/ventajas\/\",\"name\":\"Ventajas - Ventilaci\\u00f3n Residencial - Energy Smart - Sabiana\",\"isPartOf\":{\"@id\":\"https:\/\/ventilazione-residenziale.it\/#website\"},\"primaryImageOfPage\":{\"@id\":\"https:\/\/ventilazione-residenziale.it\/es\/energy-smart\/ventajas\/#primaryimage\"},\"datePublished\":\"2018-02-08T15:00:39+00:00\",\"dateModified\":\"2019-05-21T09:31:56+00:00\",\"description\":\"Las ventajas concretas de equipar una vivienda con un sistema de Ventilaci\\u00f3n Mec\\u00e1nica Controlada (VMC). Salud e higiene, Confort, Ahorro energ\\u00e9tico, tiempos de secado, elevada seguridad, dise\\u00f1o, simplicidad de instalaci\\u00f3n, dimensiones reducidas, clase energ\\u00e9tica A+, bajo impacto sonoro que lo hace silencioso\",\"breadcrumb\":{\"@id\":\"https:\/\/ventilazione-residenziale.it\/es\/energy-smart\/ventajas\/#breadcrumb\"},\"inLanguage\":\"es\",\"potentialAction\":[{\"@type\":\"ReadAction\",\"target\":[\"https:\/\/ventilazione-residenziale.it\/es\/energy-smart\/ventajas\/\"]}]},{\"@type\":\"BreadcrumbList\",\"@id\":\"https:\/\/ventilazione-residenziale.it\/es\/energy-smart\/ventajas\/#breadcrumb\",\"itemListElement\":[{\"@type\":\"ListItem\",\"position\":1,\"name\":\"Home\",\"item\":\"https:\/\/ventilazione-residenziale.it\/es\/\"},{\"@type\":\"ListItem\",\"position\":2,\"name\":\"Energy Smart\",\"item\":\"https:\/\/ventilazione-residenziale.it\/es\/energy-smart\/\"},{\"@type\":\"ListItem\",\"position\":3,\"name\":\"Ventajas\"}]}]}<\/script>\n<!-- \/ Yoast SEO plugin. -->","yoast_head_json":{"title":"Ventajas - Ventilaci\u00f3n Residencial - Energy Smart - Sabiana","description":"Las ventajas concretas de equipar una vivienda con un sistema de Ventilaci\u00f3n Mec\u00e1nica Controlada (VMC). Salud e higiene, Confort, Ahorro energ\u00e9tico, tiempos de secado, elevada seguridad, dise\u00f1o, simplicidad de instalaci\u00f3n, dimensiones reducidas, clase energ\u00e9tica A+, bajo impacto sonoro que lo hace silencioso","robots":{"index":"index","follow":"follow","max-snippet":"max-snippet:-1","max-image-preview":"max-image-preview:large","max-video-preview":"max-video-preview:-1"},"canonical":"https:\/\/ventilazione-residenziale.it\/es\/energy-smart\/ventajas\/","og_locale":"es_ES","og_type":"article","og_title":"Ventajas - Ventilaci\u00f3n Residencial - Energy Smart - Sabiana","og_description":"Las ventajas concretas de equipar una vivienda con un sistema de Ventilaci\u00f3n Mec\u00e1nica Controlada (VMC). Salud e higiene, Confort, Ahorro energ\u00e9tico, tiempos de secado, elevada seguridad, dise\u00f1o, simplicidad de instalaci\u00f3n, dimensiones reducidas, clase energ\u00e9tica A+, bajo impacto sonoro que lo hace silencioso","og_url":"https:\/\/ventilazione-residenziale.it\/es\/energy-smart\/ventajas\/","og_site_name":"Ventilazione Residenziale - Energy smart - Sabiana","article_modified_time":"2019-05-21T09:31:56+00:00","og_image":[{"width":1000,"height":1414,"url":"https:\/\/ventilazione-residenziale.it\/wp-content\/uploads\/2019\/05\/ventilazione_residenziale_sabiana_energy-smart_advantages.jpg","type":"image\/jpeg"}],"twitter_card":"summary_large_image","schema":{"@context":"https:\/\/schema.org","@graph":[{"@type":"WebSite","@id":"https:\/\/ventilazione-residenziale.it\/#website","url":"https:\/\/ventilazione-residenziale.it\/","name":"Ventilazione Residenziale - Energy smart - Sabiana","description":"Ventilazione Residenziale ad alta efficenza","potentialAction":[{"@type":"SearchAction","target":{"@type":"EntryPoint","urlTemplate":"https:\/\/ventilazione-residenziale.it\/?s={search_term_string}"},"query-input":"required name=search_term_string"}],"inLanguage":"es"},{"@type":"ImageObject","@id":"https:\/\/ventilazione-residenziale.it\/es\/energy-smart\/ventajas\/#primaryimage","inLanguage":"es","url":"https:\/\/ventilazione-residenziale.it\/wp-content\/uploads\/2019\/05\/ventilazione_residenziale_sabiana_energy-smart_advantages.jpg","contentUrl":"https:\/\/ventilazione-residenziale.it\/wp-content\/uploads\/2019\/05\/ventilazione_residenziale_sabiana_energy-smart_advantages.jpg","width":1000,"height":1414},{"@type":"WebPage","@id":"https:\/\/ventilazione-residenziale.it\/es\/energy-smart\/ventajas\/#webpage","url":"https:\/\/ventilazione-residenziale.it\/es\/energy-smart\/ventajas\/","name":"Ventajas - Ventilaci\u00f3n Residencial - Energy Smart - Sabiana","isPartOf":{"@id":"https:\/\/ventilazione-residenziale.it\/#website"},"primaryImageOfPage":{"@id":"https:\/\/ventilazione-residenziale.it\/es\/energy-smart\/ventajas\/#primaryimage"},"datePublished":"2018-02-08T15:00:39+00:00","dateModified":"2019-05-21T09:31:56+00:00","description":"Las ventajas concretas de equipar una vivienda con un sistema de Ventilaci\u00f3n Mec\u00e1nica Controlada (VMC). Salud e higiene, Confort, Ahorro energ\u00e9tico, tiempos de secado, elevada seguridad, dise\u00f1o, simplicidad de instalaci\u00f3n, dimensiones reducidas, clase energ\u00e9tica A+, bajo impacto sonoro que lo hace silencioso","breadcrumb":{"@id":"https:\/\/ventilazione-residenziale.it\/es\/energy-smart\/ventajas\/#breadcrumb"},"inLanguage":"es","potentialAction":[{"@type":"ReadAction","target":["https:\/\/ventilazione-residenziale.it\/es\/energy-smart\/ventajas\/"]}]},{"@type":"BreadcrumbList","@id":"https:\/\/ventilazione-residenziale.it\/es\/energy-smart\/ventajas\/#breadcrumb","itemListElement":[{"@type":"ListItem","position":1,"name":"Home","item":"https:\/\/ventilazione-residenziale.it\/es\/"},{"@type":"ListItem","position":2,"name":"Energy Smart","item":"https:\/\/ventilazione-residenziale.it\/es\/energy-smart\/"},{"@type":"ListItem","position":3,"name":"Ventajas"}]}]}},"_links":{"self":[{"href":"https:\/\/ventilazione-residenziale.it\/es\/wp-json\/wp\/v2\/pages\/445"}],"collection":[{"href":"https:\/\/ventilazione-residenziale.it\/es\/wp-json\/wp\/v2\/pages"}],"about":[{"href":"https:\/\/ventilazione-residenziale.it\/es\/wp-json\/wp\/v2\/types\/page"}],"author":[{"embeddable":true,"href":"https:\/\/ventilazione-residenziale.it\/es\/wp-json\/wp\/v2\/users\/1"}],"replies":[{"embeddable":true,"href":"https:\/\/ventilazione-residenziale.it\/es\/wp-json\/wp\/v2\/comments?post=445"}],"version-history":[{"count":2,"href":"https:\/\/ventilazione-residenziale.it\/es\/wp-json\/wp\/v2\/pages\/445\/revisions"}],"predecessor-version":[{"id":960,"href":"https:\/\/ventilazione-residenziale.it\/es\/wp-json\/wp\/v2\/pages\/445\/revisions\/960"}],"up":[{"embeddable":true,"href":"https:\/\/ventilazione-residenziale.it\/es\/wp-json\/wp\/v2\/pages\/1330"}],"wp:featuredmedia":[{"embeddable":true,"href":"https:\/\/ventilazione-residenziale.it\/es\/wp-json\/wp\/v2\/media\/831"}],"wp:attachment":[{"href":"https:\/\/ventilazione-residenziale.it\/es\/wp-json\/wp\/v2\/media?parent=445"}],"curies":[{"name":"wp","href":"https:\/\/api.w.org\/{rel}","templated":true}]}}