{"id":453,"date":"2018-02-19T12:51:47","date_gmt":"2018-02-19T11:51:47","guid":{"rendered":"https:\/\/ventilazione-residenziale.it\/multimedia\/"},"modified":"2019-10-10T09:41:03","modified_gmt":"2019-10-10T07:41:03","slug":"multimedia","status":"publish","type":"page","link":"https:\/\/ventilazione-residenziale.it\/es\/energy-smart\/multimedia\/","title":{"rendered":"Multimedia"},"content":{"rendered":"","protected":false},"excerpt":{"rendered":"<p> [&#8230;]<\/p>\n<p><a class=\"btn btn-secondary understrap-read-more-link\" href=\"https:\/\/ventilazione-residenziale.it\/es\/energy-smart\/multimedia\/\">Leer m\u00e1s&#8230;<\/a><\/p>\n","protected":false},"author":1,"featured_media":0,"parent":1330,"menu_order":4,"comment_status":"closed","ping_status":"closed","template":"page-templates\/multimedia.php","meta":[],"acf":[],"yoast_head":"<!-- This site is optimized with the Yoast SEO plugin v17.6 - https:\/\/yoast.com\/wordpress\/plugins\/seo\/ -->\n<title>Multimedia - Ventilaci\u00f3n Residencial - Energy smart - Sabiana<\/title>\n<meta name=\"description\" content=\"Multimedia Energy Smart Un \u00fanico lugar para todos los contenidos multimedia de Energy Smart; puede encontrar V\u00eddeos sobre las Aplicaciones y las Especificaciones T\u00e9cnicas\" \/>\n<meta name=\"robots\" content=\"index, follow, max-snippet:-1, max-image-preview:large, max-video-preview:-1\" \/>\n<link rel=\"canonical\" href=\"https:\/\/ventilazione-residenziale.it\/es\/energy-smart\/multimedia\/\" \/>\n<meta property=\"og:locale\" content=\"es_ES\" \/>\n<meta property=\"og:type\" content=\"article\" \/>\n<meta property=\"og:title\" content=\"Multimedia - Ventilaci\u00f3n Residencial - Energy smart - Sabiana\" \/>\n<meta property=\"og:description\" content=\"Multimedia Energy Smart Un \u00fanico lugar para todos los contenidos multimedia de Energy Smart; puede encontrar V\u00eddeos sobre las Aplicaciones y las Especificaciones T\u00e9cnicas\" \/>\n<meta property=\"og:url\" content=\"https:\/\/ventilazione-residenziale.it\/es\/energy-smart\/multimedia\/\" \/>\n<meta property=\"og:site_name\" content=\"Ventilazione Residenziale - Energy smart - Sabiana\" \/>\n<meta property=\"article:modified_time\" content=\"2019-10-10T07:41:03+00:00\" \/>\n<meta name=\"twitter:card\" content=\"summary_large_image\" \/>\n<script type=\"application\/ld+json\" class=\"yoast-schema-graph\">{\"@context\":\"https:\/\/schema.org\",\"@graph\":[{\"@type\":\"WebSite\",\"@id\":\"https:\/\/ventilazione-residenziale.it\/#website\",\"url\":\"https:\/\/ventilazione-residenziale.it\/\",\"name\":\"Ventilazione Residenziale - Energy smart - Sabiana\",\"description\":\"Ventilazione Residenziale ad alta efficenza\",\"potentialAction\":[{\"@type\":\"SearchAction\",\"target\":{\"@type\":\"EntryPoint\",\"urlTemplate\":\"https:\/\/ventilazione-residenziale.it\/?s={search_term_string}\"},\"query-input\":\"required name=search_term_string\"}],\"inLanguage\":\"es\"},{\"@type\":\"WebPage\",\"@id\":\"https:\/\/ventilazione-residenziale.it\/es\/energy-smart\/multimedia\/#webpage\",\"url\":\"https:\/\/ventilazione-residenziale.it\/es\/energy-smart\/multimedia\/\",\"name\":\"Multimedia - Ventilaci\\u00f3n Residencial - Energy smart - Sabiana\",\"isPartOf\":{\"@id\":\"https:\/\/ventilazione-residenziale.it\/#website\"},\"datePublished\":\"2018-02-19T11:51:47+00:00\",\"dateModified\":\"2019-10-10T07:41:03+00:00\",\"description\":\"Multimedia Energy Smart Un \\u00fanico lugar para todos los contenidos multimedia de Energy Smart; puede encontrar V\\u00eddeos sobre las Aplicaciones y las Especificaciones T\\u00e9cnicas\",\"breadcrumb\":{\"@id\":\"https:\/\/ventilazione-residenziale.it\/es\/energy-smart\/multimedia\/#breadcrumb\"},\"inLanguage\":\"es\",\"potentialAction\":[{\"@type\":\"ReadAction\",\"target\":[\"https:\/\/ventilazione-residenziale.it\/es\/energy-smart\/multimedia\/\"]}]},{\"@type\":\"BreadcrumbList\",\"@id\":\"https:\/\/ventilazione-residenziale.it\/es\/energy-smart\/multimedia\/#breadcrumb\",\"itemListElement\":[{\"@type\":\"ListItem\",\"position\":1,\"name\":\"Home\",\"item\":\"https:\/\/ventilazione-residenziale.it\/es\/\"},{\"@type\":\"ListItem\",\"position\":2,\"name\":\"Energy Smart\",\"item\":\"https:\/\/ventilazione-residenziale.it\/es\/energy-smart\/\"},{\"@type\":\"ListItem\",\"position\":3,\"name\":\"Multimedia\"}]}]}<\/script>\n<!-- \/ Yoast SEO plugin. -->","yoast_head_json":{"title":"Multimedia - Ventilaci\u00f3n Residencial - Energy smart - Sabiana","description":"Multimedia Energy Smart Un \u00fanico lugar para todos los contenidos multimedia de Energy Smart; puede encontrar V\u00eddeos sobre las Aplicaciones y las Especificaciones T\u00e9cnicas","robots":{"index":"index","follow":"follow","max-snippet":"max-snippet:-1","max-image-preview":"max-image-preview:large","max-video-preview":"max-video-preview:-1"},"canonical":"https:\/\/ventilazione-residenziale.it\/es\/energy-smart\/multimedia\/","og_locale":"es_ES","og_type":"article","og_title":"Multimedia - Ventilaci\u00f3n Residencial - Energy smart - Sabiana","og_description":"Multimedia Energy Smart Un \u00fanico lugar para todos los contenidos multimedia de Energy Smart; puede encontrar V\u00eddeos sobre las Aplicaciones y las Especificaciones T\u00e9cnicas","og_url":"https:\/\/ventilazione-residenziale.it\/es\/energy-smart\/multimedia\/","og_site_name":"Ventilazione Residenziale - Energy smart - Sabiana","article_modified_time":"2019-10-10T07:41:03+00:00","twitter_card":"summary_large_image","schema":{"@context":"https:\/\/schema.org","@graph":[{"@type":"WebSite","@id":"https:\/\/ventilazione-residenziale.it\/#website","url":"https:\/\/ventilazione-residenziale.it\/","name":"Ventilazione Residenziale - Energy smart - Sabiana","description":"Ventilazione Residenziale ad alta efficenza","potentialAction":[{"@type":"SearchAction","target":{"@type":"EntryPoint","urlTemplate":"https:\/\/ventilazione-residenziale.it\/?s={search_term_string}"},"query-input":"required name=search_term_string"}],"inLanguage":"es"},{"@type":"WebPage","@id":"https:\/\/ventilazione-residenziale.it\/es\/energy-smart\/multimedia\/#webpage","url":"https:\/\/ventilazione-residenziale.it\/es\/energy-smart\/multimedia\/","name":"Multimedia - Ventilaci\u00f3n Residencial - Energy smart - Sabiana","isPartOf":{"@id":"https:\/\/ventilazione-residenziale.it\/#website"},"datePublished":"2018-02-19T11:51:47+00:00","dateModified":"2019-10-10T07:41:03+00:00","description":"Multimedia Energy Smart Un \u00fanico lugar para todos los contenidos multimedia de Energy Smart; puede encontrar V\u00eddeos sobre las Aplicaciones y las Especificaciones T\u00e9cnicas","breadcrumb":{"@id":"https:\/\/ventilazione-residenziale.it\/es\/energy-smart\/multimedia\/#breadcrumb"},"inLanguage":"es","potentialAction":[{"@type":"ReadAction","target":["https:\/\/ventilazione-residenziale.it\/es\/energy-smart\/multimedia\/"]}]},{"@type":"BreadcrumbList","@id":"https:\/\/ventilazione-residenziale.it\/es\/energy-smart\/multimedia\/#breadcrumb","itemListElement":[{"@type":"ListItem","position":1,"name":"Home","item":"https:\/\/ventilazione-residenziale.it\/es\/"},{"@type":"ListItem","position":2,"name":"Energy Smart","item":"https:\/\/ventilazione-residenziale.it\/es\/energy-smart\/"},{"@type":"ListItem","position":3,"name":"Multimedia"}]}]}},"_links":{"self":[{"href":"https:\/\/ventilazione-residenziale.it\/es\/wp-json\/wp\/v2\/pages\/453"}],"collection":[{"href":"https:\/\/ventilazione-residenziale.it\/es\/wp-json\/wp\/v2\/pages"}],"about":[{"href":"https:\/\/ventilazione-residenziale.it\/es\/wp-json\/wp\/v2\/types\/page"}],"author":[{"embeddable":true,"href":"https:\/\/ventilazione-residenziale.it\/es\/wp-json\/wp\/v2\/users\/1"}],"replies":[{"embeddable":true,"href":"https:\/\/ventilazione-residenziale.it\/es\/wp-json\/wp\/v2\/comments?post=453"}],"version-history":[{"count":5,"href":"https:\/\/ventilazione-residenziale.it\/es\/wp-json\/wp\/v2\/pages\/453\/revisions"}],"predecessor-version":[{"id":1506,"href":"https:\/\/ventilazione-residenziale.it\/es\/wp-json\/wp\/v2\/pages\/453\/revisions\/1506"}],"up":[{"embeddable":true,"href":"https:\/\/ventilazione-residenziale.it\/es\/wp-json\/wp\/v2\/pages\/1330"}],"wp:attachment":[{"href":"https:\/\/ventilazione-residenziale.it\/es\/wp-json\/wp\/v2\/media?parent=453"}],"curies":[{"name":"wp","href":"https:\/\/api.w.org\/{rel}","templated":true}]}}