{"id":456,"date":"2019-02-04T10:20:22","date_gmt":"2019-02-04T09:20:22","guid":{"rendered":"https:\/\/ventilazione-residenziale.it\/ventilazione-residenziale-per-piccoli-ambienti\/"},"modified":"2019-07-25T14:52:38","modified_gmt":"2019-07-25T12:52:38","slug":"ventilacion-residencial-para-pequenos-espacios","status":"publish","type":"page","link":"https:\/\/ventilazione-residenziale.it\/es\/energy-smart\/ventilacion-residencial-para-pequenos-espacios\/","title":{"rendered":"Ventilaci\u00f3n residencial para peque\u00f1os espacios"},"content":{"rendered":"<h4>Energy Smart SHP 130 y Energy Smart 150 son las nueva unidades de Sabiana que se suman a la gama de unidades de ventilaci\u00f3n residencial de alta eficiencia con el sistema de recuperaci\u00f3n de calor Energy Smart.<\/h4>\n","protected":false},"excerpt":{"rendered":"<p>Energy Smart SHP 130 y Energy Smart 150 son las nueva unidades de Sabiana que se suman a la gama de unidades de ventilaci\u00f3n residencial de alta eficiencia con el sistema de recuperaci\u00f3n de calor Energy Smart. [&#8230;]<\/p>\n<p><a class=\"btn btn-secondary understrap-read-more-link\" href=\"https:\/\/ventilazione-residenziale.it\/es\/energy-smart\/ventilacion-residencial-para-pequenos-espacios\/\">Leer m\u00e1s&#8230;<\/a><\/p>\n","protected":false},"author":2,"featured_media":0,"parent":1330,"menu_order":5,"comment_status":"closed","ping_status":"closed","template":"page-templates\/eny-shp-130.php","meta":[],"acf":[],"yoast_head":"<!-- This site is optimized with the Yoast SEO plugin v17.6 - https:\/\/yoast.com\/wordpress\/plugins\/seo\/ -->\n<title>Ventilaci\u00f3n residencial para peque\u00f1os espacios - Energy Smart- Sabiana<\/title>\n<meta name=\"description\" content=\"Ventilaci\u00f3n residencial para peque\u00f1os espacios. Energy Smart SHP 130 es la nueva unidad de Sabiana que se suma a la gama de unidades de ventilaci\u00f3n residencial de alta eficiencia con sistema de recuperaci\u00f3n de calor Energy Smart. Se caracteriza por sus dimensiones compactas: tan solo 19 cm de altura para una f\u00e1cil instalaci\u00f3n\" \/>\n<meta name=\"robots\" content=\"index, follow, max-snippet:-1, max-image-preview:large, max-video-preview:-1\" \/>\n<link rel=\"canonical\" href=\"https:\/\/ventilazione-residenziale.it\/es\/energy-smart\/ventilacion-residencial-para-pequenos-espacios\/\" \/>\n<meta property=\"og:locale\" content=\"es_ES\" \/>\n<meta property=\"og:type\" content=\"article\" \/>\n<meta property=\"og:title\" content=\"Ventilaci\u00f3n residencial para peque\u00f1os espacios - Energy Smart- Sabiana\" \/>\n<meta property=\"og:description\" content=\"Ventilaci\u00f3n residencial para peque\u00f1os espacios. Energy Smart SHP 130 es la nueva unidad de Sabiana que se suma a la gama de unidades de ventilaci\u00f3n residencial de alta eficiencia con sistema de recuperaci\u00f3n de calor Energy Smart. Se caracteriza por sus dimensiones compactas: tan solo 19 cm de altura para una f\u00e1cil instalaci\u00f3n\" \/>\n<meta property=\"og:url\" content=\"https:\/\/ventilazione-residenziale.it\/es\/energy-smart\/ventilacion-residencial-para-pequenos-espacios\/\" \/>\n<meta property=\"og:site_name\" content=\"Ventilazione Residenziale - Energy smart - Sabiana\" \/>\n<meta property=\"article:modified_time\" content=\"2019-07-25T12:52:38+00:00\" \/>\n<meta name=\"twitter:card\" content=\"summary_large_image\" \/>\n<script type=\"application\/ld+json\" class=\"yoast-schema-graph\">{\"@context\":\"https:\/\/schema.org\",\"@graph\":[{\"@type\":\"WebSite\",\"@id\":\"https:\/\/ventilazione-residenziale.it\/#website\",\"url\":\"https:\/\/ventilazione-residenziale.it\/\",\"name\":\"Ventilazione Residenziale - Energy smart - Sabiana\",\"description\":\"Ventilazione Residenziale ad alta efficenza\",\"potentialAction\":[{\"@type\":\"SearchAction\",\"target\":{\"@type\":\"EntryPoint\",\"urlTemplate\":\"https:\/\/ventilazione-residenziale.it\/?s={search_term_string}\"},\"query-input\":\"required name=search_term_string\"}],\"inLanguage\":\"es\"},{\"@type\":\"WebPage\",\"@id\":\"https:\/\/ventilazione-residenziale.it\/es\/energy-smart\/ventilacion-residencial-para-pequenos-espacios\/#webpage\",\"url\":\"https:\/\/ventilazione-residenziale.it\/es\/energy-smart\/ventilacion-residencial-para-pequenos-espacios\/\",\"name\":\"Ventilaci\\u00f3n residencial para peque\\u00f1os espacios - Energy Smart- Sabiana\",\"isPartOf\":{\"@id\":\"https:\/\/ventilazione-residenziale.it\/#website\"},\"datePublished\":\"2019-02-04T09:20:22+00:00\",\"dateModified\":\"2019-07-25T12:52:38+00:00\",\"description\":\"Ventilaci\\u00f3n residencial para peque\\u00f1os espacios. Energy Smart SHP 130 es la nueva unidad de Sabiana que se suma a la gama de unidades de ventilaci\\u00f3n residencial de alta eficiencia con sistema de recuperaci\\u00f3n de calor Energy Smart. Se caracteriza por sus dimensiones compactas: tan solo 19 cm de altura para una f\\u00e1cil instalaci\\u00f3n\",\"breadcrumb\":{\"@id\":\"https:\/\/ventilazione-residenziale.it\/es\/energy-smart\/ventilacion-residencial-para-pequenos-espacios\/#breadcrumb\"},\"inLanguage\":\"es\",\"potentialAction\":[{\"@type\":\"ReadAction\",\"target\":[\"https:\/\/ventilazione-residenziale.it\/es\/energy-smart\/ventilacion-residencial-para-pequenos-espacios\/\"]}]},{\"@type\":\"BreadcrumbList\",\"@id\":\"https:\/\/ventilazione-residenziale.it\/es\/energy-smart\/ventilacion-residencial-para-pequenos-espacios\/#breadcrumb\",\"itemListElement\":[{\"@type\":\"ListItem\",\"position\":1,\"name\":\"Home\",\"item\":\"https:\/\/ventilazione-residenziale.it\/es\/\"},{\"@type\":\"ListItem\",\"position\":2,\"name\":\"Energy Smart\",\"item\":\"https:\/\/ventilazione-residenziale.it\/es\/energy-smart\/\"},{\"@type\":\"ListItem\",\"position\":3,\"name\":\"Ventilaci\\u00f3n residencial para peque\\u00f1os espacios\"}]}]}<\/script>\n<!-- \/ Yoast SEO plugin. -->","yoast_head_json":{"title":"Ventilaci\u00f3n residencial para peque\u00f1os espacios - Energy Smart- Sabiana","description":"Ventilaci\u00f3n residencial para peque\u00f1os espacios. Energy Smart SHP 130 es la nueva unidad de Sabiana que se suma a la gama de unidades de ventilaci\u00f3n residencial de alta eficiencia con sistema de recuperaci\u00f3n de calor Energy Smart. Se caracteriza por sus dimensiones compactas: tan solo 19 cm de altura para una f\u00e1cil instalaci\u00f3n","robots":{"index":"index","follow":"follow","max-snippet":"max-snippet:-1","max-image-preview":"max-image-preview:large","max-video-preview":"max-video-preview:-1"},"canonical":"https:\/\/ventilazione-residenziale.it\/es\/energy-smart\/ventilacion-residencial-para-pequenos-espacios\/","og_locale":"es_ES","og_type":"article","og_title":"Ventilaci\u00f3n residencial para peque\u00f1os espacios - Energy Smart- Sabiana","og_description":"Ventilaci\u00f3n residencial para peque\u00f1os espacios. Energy Smart SHP 130 es la nueva unidad de Sabiana que se suma a la gama de unidades de ventilaci\u00f3n residencial de alta eficiencia con sistema de recuperaci\u00f3n de calor Energy Smart. Se caracteriza por sus dimensiones compactas: tan solo 19 cm de altura para una f\u00e1cil instalaci\u00f3n","og_url":"https:\/\/ventilazione-residenziale.it\/es\/energy-smart\/ventilacion-residencial-para-pequenos-espacios\/","og_site_name":"Ventilazione Residenziale - Energy smart - Sabiana","article_modified_time":"2019-07-25T12:52:38+00:00","twitter_card":"summary_large_image","schema":{"@context":"https:\/\/schema.org","@graph":[{"@type":"WebSite","@id":"https:\/\/ventilazione-residenziale.it\/#website","url":"https:\/\/ventilazione-residenziale.it\/","name":"Ventilazione Residenziale - Energy smart - Sabiana","description":"Ventilazione Residenziale ad alta efficenza","potentialAction":[{"@type":"SearchAction","target":{"@type":"EntryPoint","urlTemplate":"https:\/\/ventilazione-residenziale.it\/?s={search_term_string}"},"query-input":"required name=search_term_string"}],"inLanguage":"es"},{"@type":"WebPage","@id":"https:\/\/ventilazione-residenziale.it\/es\/energy-smart\/ventilacion-residencial-para-pequenos-espacios\/#webpage","url":"https:\/\/ventilazione-residenziale.it\/es\/energy-smart\/ventilacion-residencial-para-pequenos-espacios\/","name":"Ventilaci\u00f3n residencial para peque\u00f1os espacios - Energy Smart- Sabiana","isPartOf":{"@id":"https:\/\/ventilazione-residenziale.it\/#website"},"datePublished":"2019-02-04T09:20:22+00:00","dateModified":"2019-07-25T12:52:38+00:00","description":"Ventilaci\u00f3n residencial para peque\u00f1os espacios. Energy Smart SHP 130 es la nueva unidad de Sabiana que se suma a la gama de unidades de ventilaci\u00f3n residencial de alta eficiencia con sistema de recuperaci\u00f3n de calor Energy Smart. Se caracteriza por sus dimensiones compactas: tan solo 19 cm de altura para una f\u00e1cil instalaci\u00f3n","breadcrumb":{"@id":"https:\/\/ventilazione-residenziale.it\/es\/energy-smart\/ventilacion-residencial-para-pequenos-espacios\/#breadcrumb"},"inLanguage":"es","potentialAction":[{"@type":"ReadAction","target":["https:\/\/ventilazione-residenziale.it\/es\/energy-smart\/ventilacion-residencial-para-pequenos-espacios\/"]}]},{"@type":"BreadcrumbList","@id":"https:\/\/ventilazione-residenziale.it\/es\/energy-smart\/ventilacion-residencial-para-pequenos-espacios\/#breadcrumb","itemListElement":[{"@type":"ListItem","position":1,"name":"Home","item":"https:\/\/ventilazione-residenziale.it\/es\/"},{"@type":"ListItem","position":2,"name":"Energy Smart","item":"https:\/\/ventilazione-residenziale.it\/es\/energy-smart\/"},{"@type":"ListItem","position":3,"name":"Ventilaci\u00f3n residencial para peque\u00f1os espacios"}]}]}},"_links":{"self":[{"href":"https:\/\/ventilazione-residenziale.it\/es\/wp-json\/wp\/v2\/pages\/456"}],"collection":[{"href":"https:\/\/ventilazione-residenziale.it\/es\/wp-json\/wp\/v2\/pages"}],"about":[{"href":"https:\/\/ventilazione-residenziale.it\/es\/wp-json\/wp\/v2\/types\/page"}],"author":[{"embeddable":true,"href":"https:\/\/ventilazione-residenziale.it\/es\/wp-json\/wp\/v2\/users\/2"}],"replies":[{"embeddable":true,"href":"https:\/\/ventilazione-residenziale.it\/es\/wp-json\/wp\/v2\/comments?post=456"}],"version-history":[{"count":4,"href":"https:\/\/ventilazione-residenziale.it\/es\/wp-json\/wp\/v2\/pages\/456\/revisions"}],"predecessor-version":[{"id":1429,"href":"https:\/\/ventilazione-residenziale.it\/es\/wp-json\/wp\/v2\/pages\/456\/revisions\/1429"}],"up":[{"embeddable":true,"href":"https:\/\/ventilazione-residenziale.it\/es\/wp-json\/wp\/v2\/pages\/1330"}],"wp:attachment":[{"href":"https:\/\/ventilazione-residenziale.it\/es\/wp-json\/wp\/v2\/media?parent=456"}],"curies":[{"name":"wp","href":"https:\/\/api.w.org\/{rel}","templated":true}]}}