{"id":780,"date":"2019-02-05T09:52:53","date_gmt":"2019-02-05T08:52:53","guid":{"rendered":"https:\/\/ventilazione-residenziale.it\/tecnologia-new\/"},"modified":"2019-10-02T10:33:19","modified_gmt":"2019-10-02T08:33:19","slug":"tecnologia","status":"publish","type":"page","link":"https:\/\/ventilazione-residenziale.it\/es\/energy-smart\/tecnologia\/","title":{"rendered":"Tecnolog\u00eda"},"content":{"rendered":"","protected":false},"excerpt":{"rendered":"<p> [&#8230;]<\/p>\n<p><a class=\"btn btn-secondary understrap-read-more-link\" href=\"https:\/\/ventilazione-residenziale.it\/es\/energy-smart\/tecnologia\/\">Leer m\u00e1s&#8230;<\/a><\/p>\n","protected":false},"author":2,"featured_media":782,"parent":1330,"menu_order":3,"comment_status":"closed","ping_status":"closed","template":"page-templates\/technology-new.php","meta":[],"acf":[],"yoast_head":"<!-- This site is optimized with the Yoast SEO plugin v17.6 - https:\/\/yoast.com\/wordpress\/plugins\/seo\/ -->\n<title>Tecnolog\u00eda VMC - Ventilaci\u00f3n Residencial - Energy Smart - Sabiana<\/title>\n<meta name=\"description\" content=\"Ventilaci\u00f3n Residencial - Tecnolog\u00eda VMC Ventilaci\u00f3n Mec\u00e1nica Controlada. Eficiencia energ\u00e9tica y confort. Recuperar el calor de los espacios. Gracias al principio de la recuperaci\u00f3n de calor, el aire saliente intercambia su calor con el aire de entrada, bajando, as\u00ed, los consumos de calefacci\u00f3n y refrigeraci\u00f3n\" \/>\n<meta name=\"robots\" content=\"index, follow, max-snippet:-1, max-image-preview:large, max-video-preview:-1\" \/>\n<link rel=\"canonical\" href=\"https:\/\/ventilazione-residenziale.it\/es\/energy-smart\/tecnologia\/\" \/>\n<meta property=\"og:locale\" content=\"es_ES\" \/>\n<meta property=\"og:type\" content=\"article\" \/>\n<meta property=\"og:title\" content=\"Tecnolog\u00eda VMC - Ventilaci\u00f3n Residencial - Energy Smart - Sabiana\" \/>\n<meta property=\"og:description\" content=\"Ventilaci\u00f3n Residencial - Tecnolog\u00eda VMC Ventilaci\u00f3n Mec\u00e1nica Controlada. Eficiencia energ\u00e9tica y confort. Recuperar el calor de los espacios. Gracias al principio de la recuperaci\u00f3n de calor, el aire saliente intercambia su calor con el aire de entrada, bajando, as\u00ed, los consumos de calefacci\u00f3n y refrigeraci\u00f3n\" \/>\n<meta property=\"og:url\" content=\"https:\/\/ventilazione-residenziale.it\/es\/energy-smart\/tecnologia\/\" \/>\n<meta property=\"og:site_name\" content=\"Ventilazione Residenziale - Energy smart - Sabiana\" \/>\n<meta property=\"article:modified_time\" content=\"2019-10-02T08:33:19+00:00\" \/>\n<meta property=\"og:image\" content=\"https:\/\/ventilazione-residenziale.it\/wp-content\/uploads\/2018\/02\/ventilazione_residenziale_sabiana_energy-smart_tecnology.jpg\" \/>\n\t<meta property=\"og:image:width\" content=\"1000\" \/>\n\t<meta property=\"og:image:height\" content=\"1415\" \/>\n<meta name=\"twitter:card\" content=\"summary_large_image\" \/>\n<script type=\"application\/ld+json\" class=\"yoast-schema-graph\">{\"@context\":\"https:\/\/schema.org\",\"@graph\":[{\"@type\":\"WebSite\",\"@id\":\"https:\/\/ventilazione-residenziale.it\/#website\",\"url\":\"https:\/\/ventilazione-residenziale.it\/\",\"name\":\"Ventilazione Residenziale - Energy smart - Sabiana\",\"description\":\"Ventilazione Residenziale ad alta efficenza\",\"potentialAction\":[{\"@type\":\"SearchAction\",\"target\":{\"@type\":\"EntryPoint\",\"urlTemplate\":\"https:\/\/ventilazione-residenziale.it\/?s={search_term_string}\"},\"query-input\":\"required name=search_term_string\"}],\"inLanguage\":\"es\"},{\"@type\":\"ImageObject\",\"@id\":\"https:\/\/ventilazione-residenziale.it\/es\/energy-smart\/tecnologia\/#primaryimage\",\"inLanguage\":\"es\",\"url\":\"https:\/\/ventilazione-residenziale.it\/wp-content\/uploads\/2018\/02\/ventilazione_residenziale_sabiana_energy-smart_tecnology.jpg\",\"contentUrl\":\"https:\/\/ventilazione-residenziale.it\/wp-content\/uploads\/2018\/02\/ventilazione_residenziale_sabiana_energy-smart_tecnology.jpg\",\"width\":1000,\"height\":1415},{\"@type\":\"WebPage\",\"@id\":\"https:\/\/ventilazione-residenziale.it\/es\/energy-smart\/tecnologia\/#webpage\",\"url\":\"https:\/\/ventilazione-residenziale.it\/es\/energy-smart\/tecnologia\/\",\"name\":\"Tecnolog\\u00eda VMC - Ventilaci\\u00f3n Residencial - Energy Smart - Sabiana\",\"isPartOf\":{\"@id\":\"https:\/\/ventilazione-residenziale.it\/#website\"},\"primaryImageOfPage\":{\"@id\":\"https:\/\/ventilazione-residenziale.it\/es\/energy-smart\/tecnologia\/#primaryimage\"},\"datePublished\":\"2019-02-05T08:52:53+00:00\",\"dateModified\":\"2019-10-02T08:33:19+00:00\",\"description\":\"Ventilaci\\u00f3n Residencial - Tecnolog\\u00eda VMC Ventilaci\\u00f3n Mec\\u00e1nica Controlada. Eficiencia energ\\u00e9tica y confort. Recuperar el calor de los espacios. Gracias al principio de la recuperaci\\u00f3n de calor, el aire saliente intercambia su calor con el aire de entrada, bajando, as\\u00ed, los consumos de calefacci\\u00f3n y refrigeraci\\u00f3n\",\"breadcrumb\":{\"@id\":\"https:\/\/ventilazione-residenziale.it\/es\/energy-smart\/tecnologia\/#breadcrumb\"},\"inLanguage\":\"es\",\"potentialAction\":[{\"@type\":\"ReadAction\",\"target\":[\"https:\/\/ventilazione-residenziale.it\/es\/energy-smart\/tecnologia\/\"]}]},{\"@type\":\"BreadcrumbList\",\"@id\":\"https:\/\/ventilazione-residenziale.it\/es\/energy-smart\/tecnologia\/#breadcrumb\",\"itemListElement\":[{\"@type\":\"ListItem\",\"position\":1,\"name\":\"Home\",\"item\":\"https:\/\/ventilazione-residenziale.it\/es\/\"},{\"@type\":\"ListItem\",\"position\":2,\"name\":\"Energy Smart\",\"item\":\"https:\/\/ventilazione-residenziale.it\/es\/energy-smart\/\"},{\"@type\":\"ListItem\",\"position\":3,\"name\":\"Tecnolog\\u00eda\"}]}]}<\/script>\n<!-- \/ Yoast SEO plugin. -->","yoast_head_json":{"title":"Tecnolog\u00eda VMC - Ventilaci\u00f3n Residencial - Energy Smart - Sabiana","description":"Ventilaci\u00f3n Residencial - Tecnolog\u00eda VMC Ventilaci\u00f3n Mec\u00e1nica Controlada. Eficiencia energ\u00e9tica y confort. Recuperar el calor de los espacios. Gracias al principio de la recuperaci\u00f3n de calor, el aire saliente intercambia su calor con el aire de entrada, bajando, as\u00ed, los consumos de calefacci\u00f3n y refrigeraci\u00f3n","robots":{"index":"index","follow":"follow","max-snippet":"max-snippet:-1","max-image-preview":"max-image-preview:large","max-video-preview":"max-video-preview:-1"},"canonical":"https:\/\/ventilazione-residenziale.it\/es\/energy-smart\/tecnologia\/","og_locale":"es_ES","og_type":"article","og_title":"Tecnolog\u00eda VMC - Ventilaci\u00f3n Residencial - Energy Smart - Sabiana","og_description":"Ventilaci\u00f3n Residencial - Tecnolog\u00eda VMC Ventilaci\u00f3n Mec\u00e1nica Controlada. Eficiencia energ\u00e9tica y confort. Recuperar el calor de los espacios. Gracias al principio de la recuperaci\u00f3n de calor, el aire saliente intercambia su calor con el aire de entrada, bajando, as\u00ed, los consumos de calefacci\u00f3n y refrigeraci\u00f3n","og_url":"https:\/\/ventilazione-residenziale.it\/es\/energy-smart\/tecnologia\/","og_site_name":"Ventilazione Residenziale - Energy smart - Sabiana","article_modified_time":"2019-10-02T08:33:19+00:00","og_image":[{"width":1000,"height":1415,"url":"https:\/\/ventilazione-residenziale.it\/wp-content\/uploads\/2018\/02\/ventilazione_residenziale_sabiana_energy-smart_tecnology.jpg","type":"image\/jpeg"}],"twitter_card":"summary_large_image","schema":{"@context":"https:\/\/schema.org","@graph":[{"@type":"WebSite","@id":"https:\/\/ventilazione-residenziale.it\/#website","url":"https:\/\/ventilazione-residenziale.it\/","name":"Ventilazione Residenziale - Energy smart - Sabiana","description":"Ventilazione Residenziale ad alta efficenza","potentialAction":[{"@type":"SearchAction","target":{"@type":"EntryPoint","urlTemplate":"https:\/\/ventilazione-residenziale.it\/?s={search_term_string}"},"query-input":"required name=search_term_string"}],"inLanguage":"es"},{"@type":"ImageObject","@id":"https:\/\/ventilazione-residenziale.it\/es\/energy-smart\/tecnologia\/#primaryimage","inLanguage":"es","url":"https:\/\/ventilazione-residenziale.it\/wp-content\/uploads\/2018\/02\/ventilazione_residenziale_sabiana_energy-smart_tecnology.jpg","contentUrl":"https:\/\/ventilazione-residenziale.it\/wp-content\/uploads\/2018\/02\/ventilazione_residenziale_sabiana_energy-smart_tecnology.jpg","width":1000,"height":1415},{"@type":"WebPage","@id":"https:\/\/ventilazione-residenziale.it\/es\/energy-smart\/tecnologia\/#webpage","url":"https:\/\/ventilazione-residenziale.it\/es\/energy-smart\/tecnologia\/","name":"Tecnolog\u00eda VMC - Ventilaci\u00f3n Residencial - Energy Smart - Sabiana","isPartOf":{"@id":"https:\/\/ventilazione-residenziale.it\/#website"},"primaryImageOfPage":{"@id":"https:\/\/ventilazione-residenziale.it\/es\/energy-smart\/tecnologia\/#primaryimage"},"datePublished":"2019-02-05T08:52:53+00:00","dateModified":"2019-10-02T08:33:19+00:00","description":"Ventilaci\u00f3n Residencial - Tecnolog\u00eda VMC Ventilaci\u00f3n Mec\u00e1nica Controlada. Eficiencia energ\u00e9tica y confort. Recuperar el calor de los espacios. Gracias al principio de la recuperaci\u00f3n de calor, el aire saliente intercambia su calor con el aire de entrada, bajando, as\u00ed, los consumos de calefacci\u00f3n y refrigeraci\u00f3n","breadcrumb":{"@id":"https:\/\/ventilazione-residenziale.it\/es\/energy-smart\/tecnologia\/#breadcrumb"},"inLanguage":"es","potentialAction":[{"@type":"ReadAction","target":["https:\/\/ventilazione-residenziale.it\/es\/energy-smart\/tecnologia\/"]}]},{"@type":"BreadcrumbList","@id":"https:\/\/ventilazione-residenziale.it\/es\/energy-smart\/tecnologia\/#breadcrumb","itemListElement":[{"@type":"ListItem","position":1,"name":"Home","item":"https:\/\/ventilazione-residenziale.it\/es\/"},{"@type":"ListItem","position":2,"name":"Energy Smart","item":"https:\/\/ventilazione-residenziale.it\/es\/energy-smart\/"},{"@type":"ListItem","position":3,"name":"Tecnolog\u00eda"}]}]}},"_links":{"self":[{"href":"https:\/\/ventilazione-residenziale.it\/es\/wp-json\/wp\/v2\/pages\/780"}],"collection":[{"href":"https:\/\/ventilazione-residenziale.it\/es\/wp-json\/wp\/v2\/pages"}],"about":[{"href":"https:\/\/ventilazione-residenziale.it\/es\/wp-json\/wp\/v2\/types\/page"}],"author":[{"embeddable":true,"href":"https:\/\/ventilazione-residenziale.it\/es\/wp-json\/wp\/v2\/users\/2"}],"replies":[{"embeddable":true,"href":"https:\/\/ventilazione-residenziale.it\/es\/wp-json\/wp\/v2\/comments?post=780"}],"version-history":[{"count":9,"href":"https:\/\/ventilazione-residenziale.it\/es\/wp-json\/wp\/v2\/pages\/780\/revisions"}],"predecessor-version":[{"id":1440,"href":"https:\/\/ventilazione-residenziale.it\/es\/wp-json\/wp\/v2\/pages\/780\/revisions\/1440"}],"up":[{"embeddable":true,"href":"https:\/\/ventilazione-residenziale.it\/es\/wp-json\/wp\/v2\/pages\/1330"}],"wp:featuredmedia":[{"embeddable":true,"href":"https:\/\/ventilazione-residenziale.it\/es\/wp-json\/wp\/v2\/media\/782"}],"wp:attachment":[{"href":"https:\/\/ventilazione-residenziale.it\/es\/wp-json\/wp\/v2\/media?parent=780"}],"curies":[{"name":"wp","href":"https:\/\/api.w.org\/{rel}","templated":true}]}}