{"id":399,"date":"2018-02-08T15:56:00","date_gmt":"2018-02-08T14:56:00","guid":{"rendered":"https:\/\/ventilazione-residenziale.it\/ecosostenibilita\/"},"modified":"2019-05-21T11:25:06","modified_gmt":"2019-05-21T09:25:06","slug":"developpement-durable","status":"publish","type":"page","link":"https:\/\/ventilazione-residenziale.it\/fr\/energy-smart\/developpement-durable\/","title":{"rendered":"D\u00e9veloppement durable"},"content":{"rendered":"","protected":false},"excerpt":{"rendered":"<p> [&#8230;]<\/p>\n<p><a class=\"btn btn-secondary understrap-read-more-link\" href=\"https:\/\/ventilazione-residenziale.it\/fr\/energy-smart\/developpement-durable\/\">Lire la suite&#8230;<\/a><\/p>\n","protected":false},"author":1,"featured_media":798,"parent":1328,"menu_order":1,"comment_status":"closed","ping_status":"closed","template":"page-templates\/eco-house.php","meta":[],"acf":[],"yoast_head":"<!-- This site is optimized with the Yoast SEO plugin v17.6 - https:\/\/yoast.com\/wordpress\/plugins\/seo\/ -->\n<title>D\u00e9veloppement durable - Ventilation r\u00e9sidentielle - Energy smart - Sabiana<\/title>\n<meta name=\"description\" content=\"D\u00e9veloppement durable - Ventilation r\u00e9sidentielle - Energy Smart. L\u2019air de chez vous. Energy Smart est la gamme Sabiana d\u2019unit\u00e9s de ventilation \u00e0 haut rendement avec r\u00e9cup\u00e9ration de chaleur, sp\u00e9cialement con\u00e7ues pour des applications r\u00e9sidentielles. En savoir plus Le syst\u00e8me efficace. Energy Smart est un syst\u00e8me de ventilation\" \/>\n<meta name=\"robots\" content=\"index, follow, max-snippet:-1, max-image-preview:large, max-video-preview:-1\" \/>\n<link rel=\"canonical\" href=\"https:\/\/ventilazione-residenziale.it\/fr\/energy-smart\/developpement-durable\/\" \/>\n<meta property=\"og:locale\" content=\"fr_FR\" \/>\n<meta property=\"og:type\" content=\"article\" \/>\n<meta property=\"og:title\" content=\"D\u00e9veloppement durable - Ventilation r\u00e9sidentielle - Energy smart - Sabiana\" \/>\n<meta property=\"og:description\" content=\"D\u00e9veloppement durable - Ventilation r\u00e9sidentielle - Energy Smart. L\u2019air de chez vous. Energy Smart est la gamme Sabiana d\u2019unit\u00e9s de ventilation \u00e0 haut rendement avec r\u00e9cup\u00e9ration de chaleur, sp\u00e9cialement con\u00e7ues pour des applications r\u00e9sidentielles. En savoir plus Le syst\u00e8me efficace. Energy Smart est un syst\u00e8me de ventilation\" \/>\n<meta property=\"og:url\" content=\"https:\/\/ventilazione-residenziale.it\/fr\/energy-smart\/developpement-durable\/\" \/>\n<meta property=\"og:site_name\" content=\"Ventilazione Residenziale - Energy smart - Sabiana\" \/>\n<meta property=\"article:modified_time\" content=\"2019-05-21T09:25:06+00:00\" \/>\n<meta property=\"og:image\" content=\"https:\/\/ventilazione-residenziale.it\/wp-content\/uploads\/2019\/05\/ventilazione_residenziale_sabiana_energy-smart_eco_sustainability.jpg\" \/>\n\t<meta property=\"og:image:width\" content=\"720\" \/>\n\t<meta property=\"og:image:height\" content=\"1018\" \/>\n<meta name=\"twitter:card\" content=\"summary_large_image\" \/>\n<script type=\"application\/ld+json\" class=\"yoast-schema-graph\">{\"@context\":\"https:\/\/schema.org\",\"@graph\":[{\"@type\":\"WebSite\",\"@id\":\"https:\/\/ventilazione-residenziale.it\/#website\",\"url\":\"https:\/\/ventilazione-residenziale.it\/\",\"name\":\"Ventilazione Residenziale - Energy smart - Sabiana\",\"description\":\"Ventilazione Residenziale ad alta efficenza\",\"potentialAction\":[{\"@type\":\"SearchAction\",\"target\":{\"@type\":\"EntryPoint\",\"urlTemplate\":\"https:\/\/ventilazione-residenziale.it\/?s={search_term_string}\"},\"query-input\":\"required name=search_term_string\"}],\"inLanguage\":\"fr-FR\"},{\"@type\":\"ImageObject\",\"@id\":\"https:\/\/ventilazione-residenziale.it\/fr\/energy-smart\/developpement-durable\/#primaryimage\",\"inLanguage\":\"fr-FR\",\"url\":\"https:\/\/ventilazione-residenziale.it\/wp-content\/uploads\/2019\/05\/ventilazione_residenziale_sabiana_energy-smart_eco_sustainability.jpg\",\"contentUrl\":\"https:\/\/ventilazione-residenziale.it\/wp-content\/uploads\/2019\/05\/ventilazione_residenziale_sabiana_energy-smart_eco_sustainability.jpg\",\"width\":720,\"height\":1018},{\"@type\":\"WebPage\",\"@id\":\"https:\/\/ventilazione-residenziale.it\/fr\/energy-smart\/developpement-durable\/#webpage\",\"url\":\"https:\/\/ventilazione-residenziale.it\/fr\/energy-smart\/developpement-durable\/\",\"name\":\"D\\u00e9veloppement durable - Ventilation r\\u00e9sidentielle - Energy smart - Sabiana\",\"isPartOf\":{\"@id\":\"https:\/\/ventilazione-residenziale.it\/#website\"},\"primaryImageOfPage\":{\"@id\":\"https:\/\/ventilazione-residenziale.it\/fr\/energy-smart\/developpement-durable\/#primaryimage\"},\"datePublished\":\"2018-02-08T14:56:00+00:00\",\"dateModified\":\"2019-05-21T09:25:06+00:00\",\"description\":\"D\\u00e9veloppement durable - Ventilation r\\u00e9sidentielle - Energy Smart. L\\u2019air de chez vous. Energy Smart est la gamme Sabiana d\\u2019unit\\u00e9s de ventilation \\u00e0 haut rendement avec r\\u00e9cup\\u00e9ration de chaleur, sp\\u00e9cialement con\\u00e7ues pour des applications r\\u00e9sidentielles. En savoir plus Le syst\\u00e8me efficace. Energy Smart est un syst\\u00e8me de ventilation\",\"breadcrumb\":{\"@id\":\"https:\/\/ventilazione-residenziale.it\/fr\/energy-smart\/developpement-durable\/#breadcrumb\"},\"inLanguage\":\"fr-FR\",\"potentialAction\":[{\"@type\":\"ReadAction\",\"target\":[\"https:\/\/ventilazione-residenziale.it\/fr\/energy-smart\/developpement-durable\/\"]}]},{\"@type\":\"BreadcrumbList\",\"@id\":\"https:\/\/ventilazione-residenziale.it\/fr\/energy-smart\/developpement-durable\/#breadcrumb\",\"itemListElement\":[{\"@type\":\"ListItem\",\"position\":1,\"name\":\"Home\",\"item\":\"https:\/\/ventilazione-residenziale.it\/fr\/\"},{\"@type\":\"ListItem\",\"position\":2,\"name\":\"Energy Smart\",\"item\":\"https:\/\/ventilazione-residenziale.it\/fr\/energy-smart\/\"},{\"@type\":\"ListItem\",\"position\":3,\"name\":\"D\\u00e9veloppement durable\"}]}]}<\/script>\n<!-- \/ Yoast SEO plugin. -->","yoast_head_json":{"title":"D\u00e9veloppement durable - Ventilation r\u00e9sidentielle - Energy smart - Sabiana","description":"D\u00e9veloppement durable - Ventilation r\u00e9sidentielle - Energy Smart. L\u2019air de chez vous. Energy Smart est la gamme Sabiana d\u2019unit\u00e9s de ventilation \u00e0 haut rendement avec r\u00e9cup\u00e9ration de chaleur, sp\u00e9cialement con\u00e7ues pour des applications r\u00e9sidentielles. En savoir plus Le syst\u00e8me efficace. Energy Smart est un syst\u00e8me de ventilation","robots":{"index":"index","follow":"follow","max-snippet":"max-snippet:-1","max-image-preview":"max-image-preview:large","max-video-preview":"max-video-preview:-1"},"canonical":"https:\/\/ventilazione-residenziale.it\/fr\/energy-smart\/developpement-durable\/","og_locale":"fr_FR","og_type":"article","og_title":"D\u00e9veloppement durable - Ventilation r\u00e9sidentielle - Energy smart - Sabiana","og_description":"D\u00e9veloppement durable - Ventilation r\u00e9sidentielle - Energy Smart. L\u2019air de chez vous. Energy Smart est la gamme Sabiana d\u2019unit\u00e9s de ventilation \u00e0 haut rendement avec r\u00e9cup\u00e9ration de chaleur, sp\u00e9cialement con\u00e7ues pour des applications r\u00e9sidentielles. En savoir plus Le syst\u00e8me efficace. Energy Smart est un syst\u00e8me de ventilation","og_url":"https:\/\/ventilazione-residenziale.it\/fr\/energy-smart\/developpement-durable\/","og_site_name":"Ventilazione Residenziale - Energy smart - Sabiana","article_modified_time":"2019-05-21T09:25:06+00:00","og_image":[{"width":720,"height":1018,"url":"https:\/\/ventilazione-residenziale.it\/wp-content\/uploads\/2019\/05\/ventilazione_residenziale_sabiana_energy-smart_eco_sustainability.jpg","type":"image\/jpeg"}],"twitter_card":"summary_large_image","schema":{"@context":"https:\/\/schema.org","@graph":[{"@type":"WebSite","@id":"https:\/\/ventilazione-residenziale.it\/#website","url":"https:\/\/ventilazione-residenziale.it\/","name":"Ventilazione Residenziale - Energy smart - Sabiana","description":"Ventilazione Residenziale ad alta efficenza","potentialAction":[{"@type":"SearchAction","target":{"@type":"EntryPoint","urlTemplate":"https:\/\/ventilazione-residenziale.it\/?s={search_term_string}"},"query-input":"required name=search_term_string"}],"inLanguage":"fr-FR"},{"@type":"ImageObject","@id":"https:\/\/ventilazione-residenziale.it\/fr\/energy-smart\/developpement-durable\/#primaryimage","inLanguage":"fr-FR","url":"https:\/\/ventilazione-residenziale.it\/wp-content\/uploads\/2019\/05\/ventilazione_residenziale_sabiana_energy-smart_eco_sustainability.jpg","contentUrl":"https:\/\/ventilazione-residenziale.it\/wp-content\/uploads\/2019\/05\/ventilazione_residenziale_sabiana_energy-smart_eco_sustainability.jpg","width":720,"height":1018},{"@type":"WebPage","@id":"https:\/\/ventilazione-residenziale.it\/fr\/energy-smart\/developpement-durable\/#webpage","url":"https:\/\/ventilazione-residenziale.it\/fr\/energy-smart\/developpement-durable\/","name":"D\u00e9veloppement durable - Ventilation r\u00e9sidentielle - Energy smart - Sabiana","isPartOf":{"@id":"https:\/\/ventilazione-residenziale.it\/#website"},"primaryImageOfPage":{"@id":"https:\/\/ventilazione-residenziale.it\/fr\/energy-smart\/developpement-durable\/#primaryimage"},"datePublished":"2018-02-08T14:56:00+00:00","dateModified":"2019-05-21T09:25:06+00:00","description":"D\u00e9veloppement durable - Ventilation r\u00e9sidentielle - Energy Smart. L\u2019air de chez vous. Energy Smart est la gamme Sabiana d\u2019unit\u00e9s de ventilation \u00e0 haut rendement avec r\u00e9cup\u00e9ration de chaleur, sp\u00e9cialement con\u00e7ues pour des applications r\u00e9sidentielles. En savoir plus Le syst\u00e8me efficace. Energy Smart est un syst\u00e8me de ventilation","breadcrumb":{"@id":"https:\/\/ventilazione-residenziale.it\/fr\/energy-smart\/developpement-durable\/#breadcrumb"},"inLanguage":"fr-FR","potentialAction":[{"@type":"ReadAction","target":["https:\/\/ventilazione-residenziale.it\/fr\/energy-smart\/developpement-durable\/"]}]},{"@type":"BreadcrumbList","@id":"https:\/\/ventilazione-residenziale.it\/fr\/energy-smart\/developpement-durable\/#breadcrumb","itemListElement":[{"@type":"ListItem","position":1,"name":"Home","item":"https:\/\/ventilazione-residenziale.it\/fr\/"},{"@type":"ListItem","position":2,"name":"Energy Smart","item":"https:\/\/ventilazione-residenziale.it\/fr\/energy-smart\/"},{"@type":"ListItem","position":3,"name":"D\u00e9veloppement durable"}]}]}},"_links":{"self":[{"href":"https:\/\/ventilazione-residenziale.it\/fr\/wp-json\/wp\/v2\/pages\/399"}],"collection":[{"href":"https:\/\/ventilazione-residenziale.it\/fr\/wp-json\/wp\/v2\/pages"}],"about":[{"href":"https:\/\/ventilazione-residenziale.it\/fr\/wp-json\/wp\/v2\/types\/page"}],"author":[{"embeddable":true,"href":"https:\/\/ventilazione-residenziale.it\/fr\/wp-json\/wp\/v2\/users\/1"}],"replies":[{"embeddable":true,"href":"https:\/\/ventilazione-residenziale.it\/fr\/wp-json\/wp\/v2\/comments?post=399"}],"version-history":[{"count":1,"href":"https:\/\/ventilazione-residenziale.it\/fr\/wp-json\/wp\/v2\/pages\/399\/revisions"}],"predecessor-version":[{"id":401,"href":"https:\/\/ventilazione-residenziale.it\/fr\/wp-json\/wp\/v2\/pages\/399\/revisions\/401"}],"up":[{"embeddable":true,"href":"https:\/\/ventilazione-residenziale.it\/fr\/wp-json\/wp\/v2\/pages\/1328"}],"wp:featuredmedia":[{"embeddable":true,"href":"https:\/\/ventilazione-residenziale.it\/fr\/wp-json\/wp\/v2\/media\/798"}],"wp:attachment":[{"href":"https:\/\/ventilazione-residenziale.it\/fr\/wp-json\/wp\/v2\/media?parent=399"}],"curies":[{"name":"wp","href":"https:\/\/api.w.org\/{rel}","templated":true}]}}