{"id":416,"date":"2019-02-04T10:20:22","date_gmt":"2019-02-04T09:20:22","guid":{"rendered":"https:\/\/ventilazione-residenziale.it\/ventilazione-residenziale-per-piccoli-ambienti\/"},"modified":"2019-07-25T14:51:45","modified_gmt":"2019-07-25T12:51:45","slug":"ventilation-residentielle-pour-petites-surfaces","status":"publish","type":"page","link":"https:\/\/ventilazione-residenziale.it\/fr\/energy-smart\/ventilation-residentielle-pour-petites-surfaces\/","title":{"rendered":"Ventilation r\u00e9sidentielle pour petites surfaces"},"content":{"rendered":"<h4>Energy Smart SHP 130 et Energy Smart SHP 150 sont les nouvelles unit\u00e9s Sabiana qui s\u2019ajoutent \u00e0 la gamme d\u2019unit\u00e9s de ventilation r\u00e9sidentielle \u00e0 haut rendement avec r\u00e9cup\u00e9ration de chaleur Energy Smart.<\/h4>\n","protected":false},"excerpt":{"rendered":"<p>Energy Smart SHP 130 et Energy Smart SHP 150 sont les nouvelles unit\u00e9s Sabiana qui s\u2019ajoutent \u00e0 la gamme d\u2019unit\u00e9s de ventilation r\u00e9sidentielle \u00e0 haut rendement avec r\u00e9cup\u00e9ration de chaleur Energy Smart. [&#8230;]<\/p>\n<p><a class=\"btn btn-secondary understrap-read-more-link\" href=\"https:\/\/ventilazione-residenziale.it\/fr\/energy-smart\/ventilation-residentielle-pour-petites-surfaces\/\">Lire la suite&#8230;<\/a><\/p>\n","protected":false},"author":2,"featured_media":0,"parent":1328,"menu_order":5,"comment_status":"closed","ping_status":"closed","template":"page-templates\/eny-shp-130.php","meta":[],"acf":[],"yoast_head":"<!-- This site is optimized with the Yoast SEO plugin v17.6 - https:\/\/yoast.com\/wordpress\/plugins\/seo\/ -->\n<title>Ventilation r\u00e9sidentielle pour petites surfaces - Energy smart - Sabiana<\/title>\n<meta name=\"description\" content=\"Ventilation r\u00e9sidentielle pour petites surfaces. Energy Smart SHP 130 est la nouvelle unit\u00e9 Sabiana qui s\u2019ajoute \u00e0 la gamme d\u2019unit\u00e9s de ventilation r\u00e9sidentielle \u00e0 haute efficacit\u00e9 avec r\u00e9cup\u00e9ration de chaleur Energy Smart. Elle se diff\u00e9rencie par ses dimensions compactes\u00a0: ses 19\u00a0cm de haut en font une unit\u00e9 facile \u00e0 installer.\" \/>\n<meta name=\"robots\" content=\"index, follow, max-snippet:-1, max-image-preview:large, max-video-preview:-1\" \/>\n<link rel=\"canonical\" href=\"https:\/\/ventilazione-residenziale.it\/fr\/energy-smart\/ventilation-residentielle-pour-petites-surfaces\/\" \/>\n<meta property=\"og:locale\" content=\"fr_FR\" \/>\n<meta property=\"og:type\" content=\"article\" \/>\n<meta property=\"og:title\" content=\"Ventilation r\u00e9sidentielle pour petites surfaces - Energy smart - Sabiana\" \/>\n<meta property=\"og:description\" content=\"Ventilation r\u00e9sidentielle pour petites surfaces. Energy Smart SHP 130 est la nouvelle unit\u00e9 Sabiana qui s\u2019ajoute \u00e0 la gamme d\u2019unit\u00e9s de ventilation r\u00e9sidentielle \u00e0 haute efficacit\u00e9 avec r\u00e9cup\u00e9ration de chaleur Energy Smart. Elle se diff\u00e9rencie par ses dimensions compactes\u00a0: ses 19\u00a0cm de haut en font une unit\u00e9 facile \u00e0 installer.\" \/>\n<meta property=\"og:url\" content=\"https:\/\/ventilazione-residenziale.it\/fr\/energy-smart\/ventilation-residentielle-pour-petites-surfaces\/\" \/>\n<meta property=\"og:site_name\" content=\"Ventilazione Residenziale - Energy smart - Sabiana\" \/>\n<meta property=\"article:modified_time\" content=\"2019-07-25T12:51:45+00:00\" \/>\n<meta name=\"twitter:card\" content=\"summary_large_image\" \/>\n<script type=\"application\/ld+json\" class=\"yoast-schema-graph\">{\"@context\":\"https:\/\/schema.org\",\"@graph\":[{\"@type\":\"WebSite\",\"@id\":\"https:\/\/ventilazione-residenziale.it\/#website\",\"url\":\"https:\/\/ventilazione-residenziale.it\/\",\"name\":\"Ventilazione Residenziale - Energy smart - Sabiana\",\"description\":\"Ventilazione Residenziale ad alta efficenza\",\"potentialAction\":[{\"@type\":\"SearchAction\",\"target\":{\"@type\":\"EntryPoint\",\"urlTemplate\":\"https:\/\/ventilazione-residenziale.it\/?s={search_term_string}\"},\"query-input\":\"required name=search_term_string\"}],\"inLanguage\":\"fr-FR\"},{\"@type\":\"WebPage\",\"@id\":\"https:\/\/ventilazione-residenziale.it\/fr\/energy-smart\/ventilation-residentielle-pour-petites-surfaces\/#webpage\",\"url\":\"https:\/\/ventilazione-residenziale.it\/fr\/energy-smart\/ventilation-residentielle-pour-petites-surfaces\/\",\"name\":\"Ventilation r\\u00e9sidentielle pour petites surfaces - Energy smart - Sabiana\",\"isPartOf\":{\"@id\":\"https:\/\/ventilazione-residenziale.it\/#website\"},\"datePublished\":\"2019-02-04T09:20:22+00:00\",\"dateModified\":\"2019-07-25T12:51:45+00:00\",\"description\":\"Ventilation r\\u00e9sidentielle pour petites surfaces. Energy Smart SHP 130 est la nouvelle unit\\u00e9 Sabiana qui s\\u2019ajoute \\u00e0 la gamme d\\u2019unit\\u00e9s de ventilation r\\u00e9sidentielle \\u00e0 haute efficacit\\u00e9 avec r\\u00e9cup\\u00e9ration de chaleur Energy Smart. Elle se diff\\u00e9rencie par ses dimensions compactes\\u00a0: ses 19\\u00a0cm de haut en font une unit\\u00e9 facile \\u00e0 installer.\",\"breadcrumb\":{\"@id\":\"https:\/\/ventilazione-residenziale.it\/fr\/energy-smart\/ventilation-residentielle-pour-petites-surfaces\/#breadcrumb\"},\"inLanguage\":\"fr-FR\",\"potentialAction\":[{\"@type\":\"ReadAction\",\"target\":[\"https:\/\/ventilazione-residenziale.it\/fr\/energy-smart\/ventilation-residentielle-pour-petites-surfaces\/\"]}]},{\"@type\":\"BreadcrumbList\",\"@id\":\"https:\/\/ventilazione-residenziale.it\/fr\/energy-smart\/ventilation-residentielle-pour-petites-surfaces\/#breadcrumb\",\"itemListElement\":[{\"@type\":\"ListItem\",\"position\":1,\"name\":\"Home\",\"item\":\"https:\/\/ventilazione-residenziale.it\/fr\/\"},{\"@type\":\"ListItem\",\"position\":2,\"name\":\"Energy Smart\",\"item\":\"https:\/\/ventilazione-residenziale.it\/fr\/energy-smart\/\"},{\"@type\":\"ListItem\",\"position\":3,\"name\":\"Ventilation r\\u00e9sidentielle pour petites surfaces\"}]}]}<\/script>\n<!-- \/ Yoast SEO plugin. -->","yoast_head_json":{"title":"Ventilation r\u00e9sidentielle pour petites surfaces - Energy smart - Sabiana","description":"Ventilation r\u00e9sidentielle pour petites surfaces. Energy Smart SHP 130 est la nouvelle unit\u00e9 Sabiana qui s\u2019ajoute \u00e0 la gamme d\u2019unit\u00e9s de ventilation r\u00e9sidentielle \u00e0 haute efficacit\u00e9 avec r\u00e9cup\u00e9ration de chaleur Energy Smart. Elle se diff\u00e9rencie par ses dimensions compactes\u00a0: ses 19\u00a0cm de haut en font une unit\u00e9 facile \u00e0 installer.","robots":{"index":"index","follow":"follow","max-snippet":"max-snippet:-1","max-image-preview":"max-image-preview:large","max-video-preview":"max-video-preview:-1"},"canonical":"https:\/\/ventilazione-residenziale.it\/fr\/energy-smart\/ventilation-residentielle-pour-petites-surfaces\/","og_locale":"fr_FR","og_type":"article","og_title":"Ventilation r\u00e9sidentielle pour petites surfaces - Energy smart - Sabiana","og_description":"Ventilation r\u00e9sidentielle pour petites surfaces. Energy Smart SHP 130 est la nouvelle unit\u00e9 Sabiana qui s\u2019ajoute \u00e0 la gamme d\u2019unit\u00e9s de ventilation r\u00e9sidentielle \u00e0 haute efficacit\u00e9 avec r\u00e9cup\u00e9ration de chaleur Energy Smart. Elle se diff\u00e9rencie par ses dimensions compactes\u00a0: ses 19\u00a0cm de haut en font une unit\u00e9 facile \u00e0 installer.","og_url":"https:\/\/ventilazione-residenziale.it\/fr\/energy-smart\/ventilation-residentielle-pour-petites-surfaces\/","og_site_name":"Ventilazione Residenziale - Energy smart - Sabiana","article_modified_time":"2019-07-25T12:51:45+00:00","twitter_card":"summary_large_image","schema":{"@context":"https:\/\/schema.org","@graph":[{"@type":"WebSite","@id":"https:\/\/ventilazione-residenziale.it\/#website","url":"https:\/\/ventilazione-residenziale.it\/","name":"Ventilazione Residenziale - Energy smart - Sabiana","description":"Ventilazione Residenziale ad alta efficenza","potentialAction":[{"@type":"SearchAction","target":{"@type":"EntryPoint","urlTemplate":"https:\/\/ventilazione-residenziale.it\/?s={search_term_string}"},"query-input":"required name=search_term_string"}],"inLanguage":"fr-FR"},{"@type":"WebPage","@id":"https:\/\/ventilazione-residenziale.it\/fr\/energy-smart\/ventilation-residentielle-pour-petites-surfaces\/#webpage","url":"https:\/\/ventilazione-residenziale.it\/fr\/energy-smart\/ventilation-residentielle-pour-petites-surfaces\/","name":"Ventilation r\u00e9sidentielle pour petites surfaces - Energy smart - Sabiana","isPartOf":{"@id":"https:\/\/ventilazione-residenziale.it\/#website"},"datePublished":"2019-02-04T09:20:22+00:00","dateModified":"2019-07-25T12:51:45+00:00","description":"Ventilation r\u00e9sidentielle pour petites surfaces. Energy Smart SHP 130 est la nouvelle unit\u00e9 Sabiana qui s\u2019ajoute \u00e0 la gamme d\u2019unit\u00e9s de ventilation r\u00e9sidentielle \u00e0 haute efficacit\u00e9 avec r\u00e9cup\u00e9ration de chaleur Energy Smart. Elle se diff\u00e9rencie par ses dimensions compactes\u00a0: ses 19\u00a0cm de haut en font une unit\u00e9 facile \u00e0 installer.","breadcrumb":{"@id":"https:\/\/ventilazione-residenziale.it\/fr\/energy-smart\/ventilation-residentielle-pour-petites-surfaces\/#breadcrumb"},"inLanguage":"fr-FR","potentialAction":[{"@type":"ReadAction","target":["https:\/\/ventilazione-residenziale.it\/fr\/energy-smart\/ventilation-residentielle-pour-petites-surfaces\/"]}]},{"@type":"BreadcrumbList","@id":"https:\/\/ventilazione-residenziale.it\/fr\/energy-smart\/ventilation-residentielle-pour-petites-surfaces\/#breadcrumb","itemListElement":[{"@type":"ListItem","position":1,"name":"Home","item":"https:\/\/ventilazione-residenziale.it\/fr\/"},{"@type":"ListItem","position":2,"name":"Energy Smart","item":"https:\/\/ventilazione-residenziale.it\/fr\/energy-smart\/"},{"@type":"ListItem","position":3,"name":"Ventilation r\u00e9sidentielle pour petites surfaces"}]}]}},"_links":{"self":[{"href":"https:\/\/ventilazione-residenziale.it\/fr\/wp-json\/wp\/v2\/pages\/416"}],"collection":[{"href":"https:\/\/ventilazione-residenziale.it\/fr\/wp-json\/wp\/v2\/pages"}],"about":[{"href":"https:\/\/ventilazione-residenziale.it\/fr\/wp-json\/wp\/v2\/types\/page"}],"author":[{"embeddable":true,"href":"https:\/\/ventilazione-residenziale.it\/fr\/wp-json\/wp\/v2\/users\/2"}],"replies":[{"embeddable":true,"href":"https:\/\/ventilazione-residenziale.it\/fr\/wp-json\/wp\/v2\/comments?post=416"}],"version-history":[{"count":6,"href":"https:\/\/ventilazione-residenziale.it\/fr\/wp-json\/wp\/v2\/pages\/416\/revisions"}],"predecessor-version":[{"id":1428,"href":"https:\/\/ventilazione-residenziale.it\/fr\/wp-json\/wp\/v2\/pages\/416\/revisions\/1428"}],"up":[{"embeddable":true,"href":"https:\/\/ventilazione-residenziale.it\/fr\/wp-json\/wp\/v2\/pages\/1328"}],"wp:attachment":[{"href":"https:\/\/ventilazione-residenziale.it\/fr\/wp-json\/wp\/v2\/media?parent=416"}],"curies":[{"name":"wp","href":"https:\/\/api.w.org\/{rel}","templated":true}]}}