{"id":771,"date":"2019-02-05T09:52:53","date_gmt":"2019-02-05T08:52:53","guid":{"rendered":"https:\/\/ventilazione-residenziale.it\/tecnologia-new\/"},"modified":"2019-10-02T10:32:57","modified_gmt":"2019-10-02T08:32:57","slug":"technologie","status":"publish","type":"page","link":"https:\/\/ventilazione-residenziale.it\/fr\/energy-smart\/technologie\/","title":{"rendered":"Technologie"},"content":{"rendered":"","protected":false},"excerpt":{"rendered":"<p> [&#8230;]<\/p>\n<p><a class=\"btn btn-secondary understrap-read-more-link\" href=\"https:\/\/ventilazione-residenziale.it\/fr\/energy-smart\/technologie\/\">Lire la suite&#8230;<\/a><\/p>\n","protected":false},"author":2,"featured_media":773,"parent":1328,"menu_order":3,"comment_status":"closed","ping_status":"closed","template":"page-templates\/technology-new.php","meta":[],"acf":[],"yoast_head":"<!-- This site is optimized with the Yoast SEO plugin v17.6 - https:\/\/yoast.com\/wordpress\/plugins\/seo\/ -->\n<title>Technologie VMC - Ventilation r\u00e9sidentielle - Energy Smart - Sabiana<\/title>\n<meta name=\"description\" content=\"Ventilation r\u00e9sidentielle - Technologie VMC Ventilation M\u00e9canique Contr\u00f4l\u00e9e. Efficacit\u00e9 \u00e9nerg\u00e9tique et confort. R\u00e9cup\u00e9rer la chaleur des pi\u00e8ces. Gr\u00e2ce au principe de r\u00e9cup\u00e9ration de chaleur, l\u2019air sortant \u00e9change sa chaleur avec l\u2019air entrant, r\u00e9duisant ainsi les consommations de chauffage et de refroidissement.\" \/>\n<meta name=\"robots\" content=\"index, follow, max-snippet:-1, max-image-preview:large, max-video-preview:-1\" \/>\n<link rel=\"canonical\" href=\"https:\/\/ventilazione-residenziale.it\/fr\/energy-smart\/technologie\/\" \/>\n<meta property=\"og:locale\" content=\"fr_FR\" \/>\n<meta property=\"og:type\" content=\"article\" \/>\n<meta property=\"og:title\" content=\"Technologie VMC - Ventilation r\u00e9sidentielle - Energy Smart - Sabiana\" \/>\n<meta property=\"og:description\" content=\"Ventilation r\u00e9sidentielle - Technologie VMC Ventilation M\u00e9canique Contr\u00f4l\u00e9e. Efficacit\u00e9 \u00e9nerg\u00e9tique et confort. R\u00e9cup\u00e9rer la chaleur des pi\u00e8ces. Gr\u00e2ce au principe de r\u00e9cup\u00e9ration de chaleur, l\u2019air sortant \u00e9change sa chaleur avec l\u2019air entrant, r\u00e9duisant ainsi les consommations de chauffage et de refroidissement.\" \/>\n<meta property=\"og:url\" content=\"https:\/\/ventilazione-residenziale.it\/fr\/energy-smart\/technologie\/\" \/>\n<meta property=\"og:site_name\" content=\"Ventilazione Residenziale - Energy smart - Sabiana\" \/>\n<meta property=\"article:modified_time\" content=\"2019-10-02T08:32:57+00:00\" \/>\n<meta property=\"og:image\" content=\"https:\/\/ventilazione-residenziale.it\/wp-content\/uploads\/2018\/02\/ventilazione_residenziale_sabiana_energy-smart_tecnology.jpg\" \/>\n\t<meta property=\"og:image:width\" content=\"1000\" \/>\n\t<meta property=\"og:image:height\" content=\"1415\" \/>\n<meta name=\"twitter:card\" content=\"summary_large_image\" \/>\n<script type=\"application\/ld+json\" class=\"yoast-schema-graph\">{\"@context\":\"https:\/\/schema.org\",\"@graph\":[{\"@type\":\"WebSite\",\"@id\":\"https:\/\/ventilazione-residenziale.it\/#website\",\"url\":\"https:\/\/ventilazione-residenziale.it\/\",\"name\":\"Ventilazione Residenziale - Energy smart - Sabiana\",\"description\":\"Ventilazione Residenziale ad alta efficenza\",\"potentialAction\":[{\"@type\":\"SearchAction\",\"target\":{\"@type\":\"EntryPoint\",\"urlTemplate\":\"https:\/\/ventilazione-residenziale.it\/?s={search_term_string}\"},\"query-input\":\"required name=search_term_string\"}],\"inLanguage\":\"fr-FR\"},{\"@type\":\"ImageObject\",\"@id\":\"https:\/\/ventilazione-residenziale.it\/fr\/energy-smart\/technologie\/#primaryimage\",\"inLanguage\":\"fr-FR\",\"url\":\"https:\/\/ventilazione-residenziale.it\/wp-content\/uploads\/2018\/02\/ventilazione_residenziale_sabiana_energy-smart_tecnology.jpg\",\"contentUrl\":\"https:\/\/ventilazione-residenziale.it\/wp-content\/uploads\/2018\/02\/ventilazione_residenziale_sabiana_energy-smart_tecnology.jpg\",\"width\":1000,\"height\":1415},{\"@type\":\"WebPage\",\"@id\":\"https:\/\/ventilazione-residenziale.it\/fr\/energy-smart\/technologie\/#webpage\",\"url\":\"https:\/\/ventilazione-residenziale.it\/fr\/energy-smart\/technologie\/\",\"name\":\"Technologie VMC - Ventilation r\\u00e9sidentielle - Energy Smart - Sabiana\",\"isPartOf\":{\"@id\":\"https:\/\/ventilazione-residenziale.it\/#website\"},\"primaryImageOfPage\":{\"@id\":\"https:\/\/ventilazione-residenziale.it\/fr\/energy-smart\/technologie\/#primaryimage\"},\"datePublished\":\"2019-02-05T08:52:53+00:00\",\"dateModified\":\"2019-10-02T08:32:57+00:00\",\"description\":\"Ventilation r\\u00e9sidentielle - Technologie VMC Ventilation M\\u00e9canique Contr\\u00f4l\\u00e9e. Efficacit\\u00e9 \\u00e9nerg\\u00e9tique et confort. R\\u00e9cup\\u00e9rer la chaleur des pi\\u00e8ces. Gr\\u00e2ce au principe de r\\u00e9cup\\u00e9ration de chaleur, l\\u2019air sortant \\u00e9change sa chaleur avec l\\u2019air entrant, r\\u00e9duisant ainsi les consommations de chauffage et de refroidissement.\",\"breadcrumb\":{\"@id\":\"https:\/\/ventilazione-residenziale.it\/fr\/energy-smart\/technologie\/#breadcrumb\"},\"inLanguage\":\"fr-FR\",\"potentialAction\":[{\"@type\":\"ReadAction\",\"target\":[\"https:\/\/ventilazione-residenziale.it\/fr\/energy-smart\/technologie\/\"]}]},{\"@type\":\"BreadcrumbList\",\"@id\":\"https:\/\/ventilazione-residenziale.it\/fr\/energy-smart\/technologie\/#breadcrumb\",\"itemListElement\":[{\"@type\":\"ListItem\",\"position\":1,\"name\":\"Home\",\"item\":\"https:\/\/ventilazione-residenziale.it\/fr\/\"},{\"@type\":\"ListItem\",\"position\":2,\"name\":\"Energy Smart\",\"item\":\"https:\/\/ventilazione-residenziale.it\/fr\/energy-smart\/\"},{\"@type\":\"ListItem\",\"position\":3,\"name\":\"Technologie\"}]}]}<\/script>\n<!-- \/ Yoast SEO plugin. -->","yoast_head_json":{"title":"Technologie VMC - Ventilation r\u00e9sidentielle - Energy Smart - Sabiana","description":"Ventilation r\u00e9sidentielle - Technologie VMC Ventilation M\u00e9canique Contr\u00f4l\u00e9e. Efficacit\u00e9 \u00e9nerg\u00e9tique et confort. R\u00e9cup\u00e9rer la chaleur des pi\u00e8ces. Gr\u00e2ce au principe de r\u00e9cup\u00e9ration de chaleur, l\u2019air sortant \u00e9change sa chaleur avec l\u2019air entrant, r\u00e9duisant ainsi les consommations de chauffage et de refroidissement.","robots":{"index":"index","follow":"follow","max-snippet":"max-snippet:-1","max-image-preview":"max-image-preview:large","max-video-preview":"max-video-preview:-1"},"canonical":"https:\/\/ventilazione-residenziale.it\/fr\/energy-smart\/technologie\/","og_locale":"fr_FR","og_type":"article","og_title":"Technologie VMC - Ventilation r\u00e9sidentielle - Energy Smart - Sabiana","og_description":"Ventilation r\u00e9sidentielle - Technologie VMC Ventilation M\u00e9canique Contr\u00f4l\u00e9e. Efficacit\u00e9 \u00e9nerg\u00e9tique et confort. R\u00e9cup\u00e9rer la chaleur des pi\u00e8ces. Gr\u00e2ce au principe de r\u00e9cup\u00e9ration de chaleur, l\u2019air sortant \u00e9change sa chaleur avec l\u2019air entrant, r\u00e9duisant ainsi les consommations de chauffage et de refroidissement.","og_url":"https:\/\/ventilazione-residenziale.it\/fr\/energy-smart\/technologie\/","og_site_name":"Ventilazione Residenziale - Energy smart - Sabiana","article_modified_time":"2019-10-02T08:32:57+00:00","og_image":[{"width":1000,"height":1415,"url":"https:\/\/ventilazione-residenziale.it\/wp-content\/uploads\/2018\/02\/ventilazione_residenziale_sabiana_energy-smart_tecnology.jpg","type":"image\/jpeg"}],"twitter_card":"summary_large_image","schema":{"@context":"https:\/\/schema.org","@graph":[{"@type":"WebSite","@id":"https:\/\/ventilazione-residenziale.it\/#website","url":"https:\/\/ventilazione-residenziale.it\/","name":"Ventilazione Residenziale - Energy smart - Sabiana","description":"Ventilazione Residenziale ad alta efficenza","potentialAction":[{"@type":"SearchAction","target":{"@type":"EntryPoint","urlTemplate":"https:\/\/ventilazione-residenziale.it\/?s={search_term_string}"},"query-input":"required name=search_term_string"}],"inLanguage":"fr-FR"},{"@type":"ImageObject","@id":"https:\/\/ventilazione-residenziale.it\/fr\/energy-smart\/technologie\/#primaryimage","inLanguage":"fr-FR","url":"https:\/\/ventilazione-residenziale.it\/wp-content\/uploads\/2018\/02\/ventilazione_residenziale_sabiana_energy-smart_tecnology.jpg","contentUrl":"https:\/\/ventilazione-residenziale.it\/wp-content\/uploads\/2018\/02\/ventilazione_residenziale_sabiana_energy-smart_tecnology.jpg","width":1000,"height":1415},{"@type":"WebPage","@id":"https:\/\/ventilazione-residenziale.it\/fr\/energy-smart\/technologie\/#webpage","url":"https:\/\/ventilazione-residenziale.it\/fr\/energy-smart\/technologie\/","name":"Technologie VMC - Ventilation r\u00e9sidentielle - Energy Smart - Sabiana","isPartOf":{"@id":"https:\/\/ventilazione-residenziale.it\/#website"},"primaryImageOfPage":{"@id":"https:\/\/ventilazione-residenziale.it\/fr\/energy-smart\/technologie\/#primaryimage"},"datePublished":"2019-02-05T08:52:53+00:00","dateModified":"2019-10-02T08:32:57+00:00","description":"Ventilation r\u00e9sidentielle - Technologie VMC Ventilation M\u00e9canique Contr\u00f4l\u00e9e. Efficacit\u00e9 \u00e9nerg\u00e9tique et confort. R\u00e9cup\u00e9rer la chaleur des pi\u00e8ces. Gr\u00e2ce au principe de r\u00e9cup\u00e9ration de chaleur, l\u2019air sortant \u00e9change sa chaleur avec l\u2019air entrant, r\u00e9duisant ainsi les consommations de chauffage et de refroidissement.","breadcrumb":{"@id":"https:\/\/ventilazione-residenziale.it\/fr\/energy-smart\/technologie\/#breadcrumb"},"inLanguage":"fr-FR","potentialAction":[{"@type":"ReadAction","target":["https:\/\/ventilazione-residenziale.it\/fr\/energy-smart\/technologie\/"]}]},{"@type":"BreadcrumbList","@id":"https:\/\/ventilazione-residenziale.it\/fr\/energy-smart\/technologie\/#breadcrumb","itemListElement":[{"@type":"ListItem","position":1,"name":"Home","item":"https:\/\/ventilazione-residenziale.it\/fr\/"},{"@type":"ListItem","position":2,"name":"Energy Smart","item":"https:\/\/ventilazione-residenziale.it\/fr\/energy-smart\/"},{"@type":"ListItem","position":3,"name":"Technologie"}]}]}},"_links":{"self":[{"href":"https:\/\/ventilazione-residenziale.it\/fr\/wp-json\/wp\/v2\/pages\/771"}],"collection":[{"href":"https:\/\/ventilazione-residenziale.it\/fr\/wp-json\/wp\/v2\/pages"}],"about":[{"href":"https:\/\/ventilazione-residenziale.it\/fr\/wp-json\/wp\/v2\/types\/page"}],"author":[{"embeddable":true,"href":"https:\/\/ventilazione-residenziale.it\/fr\/wp-json\/wp\/v2\/users\/2"}],"replies":[{"embeddable":true,"href":"https:\/\/ventilazione-residenziale.it\/fr\/wp-json\/wp\/v2\/comments?post=771"}],"version-history":[{"count":12,"href":"https:\/\/ventilazione-residenziale.it\/fr\/wp-json\/wp\/v2\/pages\/771\/revisions"}],"predecessor-version":[{"id":1438,"href":"https:\/\/ventilazione-residenziale.it\/fr\/wp-json\/wp\/v2\/pages\/771\/revisions\/1438"}],"up":[{"embeddable":true,"href":"https:\/\/ventilazione-residenziale.it\/fr\/wp-json\/wp\/v2\/pages\/1328"}],"wp:featuredmedia":[{"embeddable":true,"href":"https:\/\/ventilazione-residenziale.it\/fr\/wp-json\/wp\/v2\/media\/773"}],"wp:attachment":[{"href":"https:\/\/ventilazione-residenziale.it\/fr\/wp-json\/wp\/v2\/media?parent=771"}],"curies":[{"name":"wp","href":"https:\/\/api.w.org\/{rel}","templated":true}]}}